{"id":1514,"date":"2015-02-04T15:02:09","date_gmt":"2015-02-04T13:02:09","guid":{"rendered":"http:\/\/schulsprengel-sterzing3.it\/grundschule-mittelschule\/?page_id=1514"},"modified":"2024-03-15T10:03:06","modified_gmt":"2024-03-15T08:03:06","slug":"ausschreibungen-und-vertraege","status":"publish","type":"page","link":"https:\/\/schulsprengel-sterzing3.it\/grundschule-mittelschule\/transparente-verwaltung\/ausschreibungen-und-vertraege\/","title":{"rendered":"Ausschreibungen und Vertr\u00e4ge"},"content":{"rendered":"<p><a href=\"https:\/\/schulsprengel-sterzing3.it\/grundschule-mittelschule\/transparente-verwaltung\/ausschreibungen-und-vertraege\/ermaechtigungen-2023\/\">Erm\u00e4chtigungen 2023<\/a><\/p>\n<p><a href=\"https:\/\/schulsprengel-sterzing3.it\/grundschule-mittelschule\/transparente-verwaltung\/ausschreibungen-und-vertraege\/ermaechtigungen-2022\/\">Erm\u00e4chtigungen 2022<\/a><\/p>\n<p><a href=\"https:\/\/schulsprengel-sterzing3.it\/grundschule-mittelschule\/transparente-verwaltung\/ausschreibungen-und-vertraege\/ermaechtigungen-2021\/\">Erm\u00e4chtigungen 2021<\/a><\/p>\n<p><a href=\"https:\/\/schulsprengel-sterzing3.it\/grundschule-mittelschule\/transparente-verwaltung\/ausschreibungen-und-vertraege\/ermaechtigungen-2020\/\">Erm\u00e4chtigungen 2020<\/a><\/p>\n<p><a href=\"https:\/\/schulsprengel-sterzing3.it\/grundschule-mittelschule\/transparente-verwaltung\/ausschreibungen-und-vertraege\/ermaechtigungen-2019\/\">Erm\u00e4chtigungen 2019<\/a><\/p>\n<p><strong>Ver\u00f6ffentlichungen gem\u00e4\u00df Gesetz 190<\/strong><\/p>\n<p>Vergabebekanntmachungen: <a href=\"https:\/\/www.ausschreibungen-suedtirol.it\/awards\/list-public\/advancedSearch\/1\/page\/1\/?keywords=&amp;status=&amp;type=&amp;tenderProcedure=&amp;organization=14256&amp;organizationUnit=&amp;ocp=&amp;publishedAt%5Bfrom%5D=&amp;publishedAt%5Bto%5D=&amp;awardedAt%5Bfrom%5D=&amp;awardedAt%5Bto%5D=&amp;expiredAt=&amp;recordNumber=10&amp;submitButton=Suchen&amp;advancedSearch=1&amp;as_sfid=AAAAAAUj1UvgX6CZK7rnpqQ_dvHyhpWbMQZak1UbLfd_z109xkfxmSOuU_7-wrGQl6155mbObkPwsnfQGqgsE9aNpM0Rp_SaY3Cv9S5zek2YnZ1KPgUPEIHfuWzL2UurKhVzlSV5e0-Ly5A9rZz7kDIiZE1lVt9Ny6S-IzoIN1SrCoH92Q%3D%3D&amp;as_fid=e4ffd648842cbf02b44bec29b80a965c3eb5ef8d\">Provincia Autonoma di Bolzano (ausschreibungen-suedtirol.it)<\/a><br \/>\nZuschl\u00e4ge und Vergaben: <a href=\"https:\/\/www.ausschreibungen-suedtirol.it\/awards\/list-public\/advancedSearch\/1\/page\/1\/?keywords=&amp;status=&amp;type=&amp;tenderProcedure=&amp;organization=14256&amp;organizationUnit=&amp;ocp=&amp;publishedAt%5Bfrom%5D=&amp;publishedAt%5Bto%5D=&amp;awardedAt%5Bfrom%5D=&amp;awardedAt%5Bto%5D=&amp;expiredAt=&amp;recordNumber=10&amp;submitButton=Suchen&amp;advancedSearch=1&amp;as_sfid=AAAAAAV08qZ0DKRIBWMFVC1kqq-Oeyb_3xfCbVtiguyYCiSUlufG5BQIU7B0Snpeea1_57RM9MUQXQMjXxo0mPwscMZa45qX4TYgmlrWoX9whJyUF-OebD6fleEiVU9TqR4srVtBptX_1dSm20R7QKjIAOK2epf9oHXvEMJX9dWVi5Fk5Q%3D%3D&amp;as_fid=5823a0635d45882d33fb76436b7e217e607b055b\">Provincia Autonoma di Bolzano (ausschreibungen-suedtirol.it)<\/a><br \/>\nEntgelt und Verg\u00fctungen: <a href=\"https:\/\/www.ausschreibungen-suedtirol.it\/sourcing\/fees-and-compensations\/list-public-fees\/advancedSearch\/1\/?keywords=&amp;tenderProcedure=&amp;organization=14256&amp;organizationUnit=&amp;ocp=&amp;publishedAt%5Bfrom%5D=&amp;publishedAt%5Bto%5D=&amp;awardedAt%5Bfrom%5D=&amp;awardedAt%5Bto%5D=&amp;recordNumber=10&amp;submitButton=Suchen&amp;advancedSearch=1&amp;as_sfid=AAAAAAVP8Ld-2o-PWXY_uA7wvunyK6j3daocPDTLzTN3vmD7EX_D1WkhzAYMbGarleLuiI5WmgTjohcNgaX4LuP9H5oTNDuW8bhfAkF_atF33ppSRTnBpCnqRM5bqucPRNTu2L5aq1eflDBoUitnJceNMZt2BKfvwITIp2GABlxBUlYmkw%3D%3D&amp;as_fid=b961bbe3528c13aac409268b67dfad9c4551bebd\">Provincia Autonoma di Bolzano (ausschreibungen-suedtirol.it)<\/a><br \/>\nZweijahresprogramm f\u00fcr Ank\u00e4ufe \u00fcber 40.000 Euro: <a href=\"https:\/\/www.ausschreibungen-suedtirol.it\/demand\/programs?programType=biennial&amp;programStatus=published&amp;organizationId=14076\">Provincia Autonoma di Bolzano (Ausschribungen-suedtirol.it)<\/a><\/p>\n<p><a href=\"https:\/\/schulsprengel-sterzing3.it\/grundschule-mittelschule\/pnrr\/\">Dokumente f\u00fcr die Vergaben im Rahmen des PNRR<\/a><\/p>\n<p><strong>\u00d6konomatsausgaben<br \/>\n<\/strong><a href=\"https:\/\/schulsprengel-sterzing3.it\/grundschule-mittelschule\/wp-content\/uploads\/2023\/09\/Ausgaben-Oekonomat-2018.pdf\">Ausgaben \u00d6konomat 2018<\/a><br \/>\n<a href=\"https:\/\/schulsprengel-sterzing3.it\/grundschule-mittelschule\/wp-content\/uploads\/2023\/09\/Ausgaben-Oekonomat-2019.pdf\">Ausgaben \u00d6konomat 2019<\/a><br \/>\n<a href=\"https:\/\/schulsprengel-sterzing3.it\/grundschule-mittelschule\/wp-content\/uploads\/2023\/09\/Ausgaben-Oekonomat-2020.pdf\">Ausgaben \u00d6konomat 2020<\/a><br \/>\n<a href=\"https:\/\/schulsprengel-sterzing3.it\/grundschule-mittelschule\/wp-content\/uploads\/2023\/09\/Ausgaben-Oekonomat-2021.pdf\">Ausgaben \u00d6konomat 2021<\/a><br \/>\n<a href=\"https:\/\/schulsprengel-sterzing3.it\/grundschule-mittelschule\/wp-content\/uploads\/2023\/09\/Ausgaben-Oekonomat-2022.pdf\">Ausgaben \u00d6konomat 2022<\/a><br \/>\n<a href=\"https:\/\/schulsprengel-sterzing3.it\/grundschule-mittelschule\/wp-content\/uploads\/2024\/01\/Ausgaben-Oekonomat-2023.pdf\">Ausgaben \u00d6konomat 2023<\/a><\/p>\n<p><a href=\"https:\/\/schulsprengel-sterzing3.it\/grundschule-mittelschule\/wp-content\/uploads\/2020\/05\/elenco_esiti-48.txt\">esiti 2018<\/a><br \/>\n<a href=\"https:\/\/schulsprengel-sterzing3.it\/grundschule-mittelschule\/wp-content\/uploads\/2022\/01\/esitiX-1.html\">esiti 2019<\/a><br \/>\n<a href=\"https:\/\/schulsprengel-sterzing3.it\/grundschule-mittelschule\/wp-content\/uploads\/2022\/01\/esitiX.html\">esiti 2020<\/a><br \/>\n<a href=\"https:\/\/schulsprengel-sterzing3.it\/grundschule-mittelschule\/wp-content\/uploads\/2022\/01\/esitix.html\">esiti 2021<\/a><br \/>\n<a href=\"https:\/\/schulsprengel-sterzing3.it\/grundschule-mittelschule\/wp-content\/uploads\/2023\/09\/elenco_esiti-5.csv\">esiti 2022<\/a><\/p>\n<p><strong>Einziger Verfahrensverantwortlicher\/RUP<br \/>\n<\/strong><a href=\"https:\/\/schulsprengel-sterzing3.it\/grundschule-mittelschule\/wp-content\/uploads\/2023\/10\/Dekret-Nr.-23-vom-27.03.2023-Ernennung-EVV-Margarete-Mair.pdf\">Dekret Nr. 23 vom 27.03.2023 Ernennung EVV &#8211; Margarete Mair<\/a><\/p>\n<p><strong>Ernennung Verantwortlichen RASA<br \/>\n<\/strong><a href=\"https:\/\/schulsprengel-sterzing3.it\/grundschule-mittelschule\/wp-content\/uploads\/2022\/07\/Nomina-Responsabile-RASA.pdf\">Nomina Responsabile RASA<\/a><\/p>\n<p><strong>AOV Programmierung<br \/>\n<\/strong><a href=\"https:\/\/schulsprengel-sterzing3.it\/grundschule-mittelschule\/wp-content\/uploads\/2020\/05\/Dekret-Nr.-12-vom-07.05.2020-Genehmigung-des-Zweijahresprogramms-2020-2021-und-des-Dreijahresprogramms-2020-2021-2022.pdf\">Dekret Nr. 12 vom 07.05.2020 Genehmigung des Zweijahresprogramms 2020-2021 und des Dreijahresprogramms 2020-2021-2022<\/a><br \/>\n<a href=\"https:\/\/schulsprengel-sterzing3.it\/grundschule-mittelschule\/wp-content\/uploads\/2020\/05\/Dekret-Nr.-12-vom-07.05.2020-Genehmigung-des-Zweijahresprogramms-2020-2021-und-des-Dreijahresprogramms-2020-2021-2022.pdf\">Dekret Nr. 02 vom 23.02.2021 Genehmigung des Zweijahresprogramms 2021-2022 und des Dreijahresprogramms 2021-2022-2023<\/a><br \/>\n<a href=\"https:\/\/schulsprengel-sterzing3.it\/grundschule-mittelschule\/wp-content\/uploads\/2022\/01\/Dekret-Nr.-01-vom-21.01.2022-Genehmigung-des-Zweijahresprogramms-2022-2022-und-des-Dreijahresprogramms-2022-2023-2024.pdf\">Dekret Nr. 01 vom 21.01.2022 Genehmigung des Zweijahresprogramms 2022-2022 und des Dreijahresprogramms 2022-2023-2024<\/a><br \/>\n<a href=\"https:\/\/schulsprengel-sterzing3.it\/grundschule-mittelschule\/wp-content\/uploads\/2023\/01\/Dekret-Nr.-07-vom-30.01.2023-Genehmigung-des-Zweijahresprogramms-2023-2024-und-des-Dreijahresprogramms-2023-2024-2025.pdf\">Dekret Nr. 07 vom 30.01.2023 Genehmigung des Zweijahresprogramms 2023-2024 und des Dreijahresprogramms 2023-2024-2025<\/a><br \/>\n<a href=\"https:\/\/schulsprengel-sterzing3.it\/grundschule-mittelschule\/wp-content\/uploads\/2023\/06\/Dekret-Nr.-30-Genehmigung-des-Zweijahresprogramms-2023-2024-Abaenderung.pdf\">Dekret Nr. 30 Genehmigung des Zweijahresprogramms 2023-2024 Ab\u00e4nderung<\/a><br \/>\n<a href=\"https:\/\/schulsprengel-sterzing3.it\/grundschule-mittelschule\/wp-content\/uploads\/2024\/03\/Dekret-Nr.-07-vom-07.03.2024-Genehmigung-des-Dreijahresprogramms-2024-2025-2026.pdf\">Dekret Nr. 07 vom 07.03.2024 Genehmigung des Dreijahresprogramms 2024-2025-2026<\/a><\/p>\n<p>&nbsp;<\/p>\n<p><a href=\"https:\/\/schulsprengel-sterzing3.it\/grundschule-mittelschule\/wp-content\/uploads\/2023\/09\/SISTEMA-CUP-MAIR-MARGARETE-11_09_2023.xls\">\u00d6FFENTLICHE INVESTITIONSPROJEKTE &#8211; SISTEMA CUP\u00a0<\/a><\/p>\n<p><strong>Vorank\u00fcndigung<br \/>\n<\/strong>trifft f\u00fcr den Schulsprengel Sterzing III nicht zu<\/p>\n<p><strong>In House Vergaben<br \/>\n<\/strong>trifft f\u00fcr den Schulsprengel Sterzing III nicht zu<\/p>\n<p><strong>Offizielle Listen anerkannter Wirtschaftsbeteiligter und Zertifizierungen<br \/>\n<\/strong>trifft f\u00fcr den Schulsprengel Sterzing III nicht zu<\/p>\n","protected":false},"excerpt":{"rendered":"<p>Erm\u00e4chtigungen 2023 Erm\u00e4chtigungen 2022 Erm\u00e4chtigungen 2021 Erm\u00e4chtigungen 2020 Erm\u00e4chtigungen 2019 Ver\u00f6ffentlichungen gem\u00e4\u00df Gesetz 190 Vergabebekanntmachungen: Provincia Autonoma di Bolzano (ausschreibungen-suedtirol.it) Zuschl\u00e4ge und Vergaben: Provincia Autonoma di Bolzano (ausschreibungen-suedtirol.it) Entgelt und Verg\u00fctungen: Provincia Autonoma di Bolzano (ausschreibungen-suedtirol.it) Zweijahresprogramm f\u00fcr Ank\u00e4ufe \u00fcber 40.000 Euro: Provincia Autonoma di Bolzano (Ausschribungen-suedtirol.it) Dokumente f\u00fcr die Vergaben im Rahmen des PNRR [&hellip;]<\/p>\n","protected":false},"author":1,"featured_media":0,"parent":860,"menu_order":0,"comment_status":"closed","ping_status":"open","template":"","meta":{"footnotes":""},"class_list":["post-1514","page","type-page","status-publish","hentry"],"_links":{"self":[{"href":"https:\/\/schulsprengel-sterzing3.it\/grundschule-mittelschule\/wp-json\/wp\/v2\/pages\/1514","targetHints":{"allow":["GET"]}}],"collection":[{"href":"https:\/\/schulsprengel-sterzing3.it\/grundschule-mittelschule\/wp-json\/wp\/v2\/pages"}],"about":[{"href":"https:\/\/schulsprengel-sterzing3.it\/grundschule-mittelschule\/wp-json\/wp\/v2\/types\/page"}],"author":[{"embeddable":true,"href":"https:\/\/schulsprengel-sterzing3.it\/grundschule-mittelschule\/wp-json\/wp\/v2\/users\/1"}],"replies":[{"embeddable":true,"href":"https:\/\/schulsprengel-sterzing3.it\/grundschule-mittelschule\/wp-json\/wp\/v2\/comments?post=1514"}],"version-history":[{"count":38,"href":"https:\/\/schulsprengel-sterzing3.it\/grundschule-mittelschule\/wp-json\/wp\/v2\/pages\/1514\/revisions"}],"predecessor-version":[{"id":6232,"href":"https:\/\/schulsprengel-sterzing3.it\/grundschule-mittelschule\/wp-json\/wp\/v2\/pages\/1514\/revisions\/6232"}],"up":[{"embeddable":true,"href":"https:\/\/schulsprengel-sterzing3.it\/grundschule-mittelschule\/wp-json\/wp\/v2\/pages\/860"}],"wp:attachment":[{"href":"https:\/\/schulsprengel-sterzing3.it\/grundschule-mittelschule\/wp-json\/wp\/v2\/media?parent=1514"}],"curies":[{"name":"wp","href":"https:\/\/api.w.org\/{rel}","templated":true}]}}