{"id":1944,"date":"2016-02-15T20:15:37","date_gmt":"2016-02-15T18:15:37","guid":{"rendered":"http:\/\/schulsprengel-sterzing3.it\/grundschule-mittelschule\/?page_id=1944"},"modified":"2024-06-11T14:32:32","modified_gmt":"2024-06-11T12:32:32","slug":"auftraege-fuer-beratung-und-mitarbeit","status":"publish","type":"page","link":"https:\/\/schulsprengel-sterzing3.it\/grundschule-mittelschule\/transparente-verwaltung\/auftraege-fuer-beratung-und-mitarbeit\/","title":{"rendered":"Berater*innen und Mitarbeiter*innen"},"content":{"rendered":"<div id=\"cc-m-7285838863\" class=\"j-module n j-text \">\n<p>&nbsp;<\/p>\n<h4>Bezeichnung Unterbereich 2. Ebene \/ Hinweis Bestimmungen des GvD Nr. 33\/2013<br \/>\nArt. 15, Abs. 1<\/h4>\n<p><a href=\"https:\/\/www.provinz.bz.it\/de\/transparente-verwaltung\/externe-mitarbeiter-deutsche-schule.asp\"><strong>Auflistung der Referentent\u00e4tigkeiten (Schulen in deutscher Sprache)<\/strong><\/a><\/p>\n<\/div>\n<p><a href=\"https:\/\/www.ausschreibungen-suedtirol.it\/sourcing\/fees-and-compensations\/list-public-fees\/advancedSearch\/1\/?keywords=&amp;tenderProcedure=&amp;organization=14256&amp;organizationUnit=&amp;ocp=&amp;publishedAt%5Bfrom%5D=&amp;publishedAt%5Bto%5D=&amp;awardedAt%5Bfrom%5D=&amp;awardedAt%5Bto%5D=&amp;recordNumber=10&amp;submitButton=Suchen&amp;advancedSearch=1&amp;as_sfid=AAAAAAVFBkFmp8iC5QH7MQaLveYdac2bCmsPIJZYZ0RrNQBq8PzIQERYLsilObxQ2toqbFknHkv3UfAdPfnxPP1l6QvZ_LnqKMC33UyI2RVTxRJcNzcIpmYow-Ups2qGmR6wb8Sj-4eqdzghgT8a7w-3iT4oREafik7jIFM5u4joqnIKKA%3D%3D&amp;as_fid=1ebc578618c5adf58e7df1e850e5974039c1a23b\"><b>Entgelte und Verg\u00fctungen<\/b><\/a><\/p>\n<div id=\"cc-m-7285838863\" class=\"j-module n j-text \">\n<p><a href=\"https:\/\/www.ausschreibungen-suedtirol.it\/awards\/list-public?recordNumber=10&amp;keywords=deutschsprachiger+schulsprengel+sterzing+III&amp;advancedSearch=&amp;submitButton=Suchen&amp;as_sfid=AAAAAAVVLsuoCrpropafTSOfXF_UEwxMhpfBG4LsHssvJ4wjLJjUXT53y22zInjSdv_El7DortlcKAbRQ1NjhlAmua2rSWuKa_gjxlckyA7VMk_mpMM53l9vWbNgTKNOdauPkL6rbtULFzGzVfYI7Gn2-joQ5VzwsdfXbcoY_1YW87Ifow%3D%3D&amp;as_fid=5604fa4d4834e5334dfa5e2f37fdf4aa0b8d19b9\"><b>Zuschl\u00e4ge und Vergaben<\/b><\/a><\/p>\n<p>&nbsp;<\/p>\n<p><span style=\"color: #008080;\"><strong>Auftr\u00e4ge f\u00fcr Beratung und Mitarbeit<\/strong><\/span><\/p>\n<\/div>\n<div id=\"cc-m-8346402263\" class=\"j-module n j-text \">\n<p><strong>Bekanntmachung Vergleichsverfahren<\/strong><\/p>\n<\/div>\n<div id=\"cc-m-8346403163\" class=\"j-module n j-text \">\n<p>Im Moment sind keine Vergleichsverfahren offen.<\/p>\n<\/div>\n<p><img loading=\"lazy\" decoding=\"async\" class=\"wp-image-3548 alignleft\" src=\"https:\/\/schulsprengel-sterzing3.it\/grundschule-mittelschule\/wp-content\/uploads\/2019\/03\/PerlaPA.jpg\" alt=\"\" width=\"175\" height=\"100\" srcset=\"https:\/\/schulsprengel-sterzing3.it\/grundschule-mittelschule\/wp-content\/uploads\/2019\/03\/PerlaPA.jpg 489w, https:\/\/schulsprengel-sterzing3.it\/grundschule-mittelschule\/wp-content\/uploads\/2019\/03\/PerlaPA-300x171.jpg 300w, https:\/\/schulsprengel-sterzing3.it\/grundschule-mittelschule\/wp-content\/uploads\/2019\/03\/PerlaPA-96x55.jpg 96w, https:\/\/schulsprengel-sterzing3.it\/grundschule-mittelschule\/wp-content\/uploads\/2019\/03\/PerlaPA-470x268.jpg 470w\" sizes=\"auto, (max-width: 175px) 100vw, 175px\" \/><\/p>\n<p>&nbsp;<\/p>\n<p>&nbsp;<\/p>\n<p>&nbsp;<\/p>\n<p>Die Daten in Bezug auf Beauftragungen an externe Mitarbeiter\/innen und Berater\/innen, welche die Schulen in die Datenbak &#8222;PerlaPA&#8220; eingeben, k\u00f6nnen auf der Internetseite <a href=\"https:\/\/consulentipubblici.dfp.gov.it\/\">Consulenti Pubblici (dfp.gov.it)<\/a> eingesen werden<\/p>\n<p>Bei \u201eAmministrazione\u201c ist die Steuernummer 81006430219 einzugeben und das entsprechende Jahr auszuw\u00e4hlen.<\/p>\n<p><a href=\"https:\/\/consulentipubblici.gov.it\/ElencoCce.aspx?ANNO=2022&amp;ENTE=AMM_ssps_bz-AOO_UFLS4C&amp;SOGGETTO=\">Ver\u00f6ffentlichung von Auftr\u00e4gen PerlaPa 2023<\/a><br \/>\n<a href=\"https:\/\/schulsprengel-sterzing3.it\/grundschule-mittelschule\/wp-content\/uploads\/2023\/09\/2023_incarichi-consulenti-e-collaboratori-.xlsx\">2023_incarichi-consulenti-e-collaboratori<\/a><\/p>\n<p><a href=\"https:\/\/consulentipubblici.gov.it\/ElencoCce.aspx?ANNO=2022&amp;ENTE=AMM_ssps_bz-AOO_UFLS4C&amp;SOGGETTO=\">Ver\u00f6ffentlichung von Auftr\u00e4gen PerlaPa 2022<\/a><br \/>\n<a href=\"https:\/\/schulsprengel-sterzing3.it\/grundschule-mittelschule\/wp-content\/uploads\/2023\/09\/2022_incarichi-consulenti-e-collaboratori-1.xlsx\">2022_incarichi-consulenti-e-collaboratori\u00a0<\/a><\/p>\n<p><a href=\"https:\/\/consulentipubblici.gov.it\/ElencoCce.aspx?ANNO=2021&amp;ENTE=AMM_ssps_bz-AOO_UFLS4C&amp;SOGGETTO=\">Ver\u00f6ffentlichung von Auftr\u00e4gen PerlaPa 2021<\/a><br \/>\n<a href=\"https:\/\/schulsprengel-sterzing3.it\/grundschule-mittelschule\/wp-content\/uploads\/2023\/09\/2021_incarichi-consulenti-e-collaboratori-.xlsx\">2021_incarichi-consulenti-e-collaboratori<\/a><\/p>\n<p><a href=\"https:\/\/consulentipubblici.gov.it\/ElencoCce.aspx?ANNO=2020&amp;ENTE=AMM_ssps_bz-AOO_UFLS4C&amp;SOGGETTO=\">Ver\u00f6ffentlichung von Auftr\u00e4gen PerlaPa 2020<\/a><br \/>\n<a href=\"https:\/\/schulsprengel-sterzing3.it\/grundschule-mittelschule\/wp-content\/uploads\/2023\/09\/2020_incarichi-consulenti-e-collaboratori-1-1.xlsx\">2020_incarichi-consulenti-e-collaboratori<\/a><\/p>\n<p><a href=\"https:\/\/consulentipubblici.gov.it\/ElencoCce.aspx?ANNO=2019&amp;ENTE=AMM_ssps_bz-AOO_UFLS4C&amp;SOGGETTO=\">Ver\u00f6ffentlichung von Auftr\u00e4gen PerlaPa 2019<\/a><br \/>\n<a href=\"https:\/\/schulsprengel-sterzing3.it\/grundschule-mittelschule\/wp-content\/uploads\/2023\/09\/2019_incarichi-consulenti-e-collaboratori-.xlsx\">2019_incarichi-consulenti-e-collaboratori<\/a><\/p>\n","protected":false},"excerpt":{"rendered":"<p>&nbsp; Bezeichnung Unterbereich 2. Ebene \/ Hinweis Bestimmungen des GvD Nr. 33\/2013 Art. 15, Abs. 1 Auflistung der Referentent\u00e4tigkeiten (Schulen in deutscher Sprache) Entgelte und Verg\u00fctungen Zuschl\u00e4ge und Vergaben &nbsp; Auftr\u00e4ge f\u00fcr Beratung und Mitarbeit Bekanntmachung Vergleichsverfahren Im Moment sind keine Vergleichsverfahren offen. &nbsp; &nbsp; &nbsp; Die Daten in Bezug auf Beauftragungen an externe Mitarbeiter\/innen [&hellip;]<\/p>\n","protected":false},"author":1,"featured_media":0,"parent":860,"menu_order":0,"comment_status":"closed","ping_status":"closed","template":"template-fullwidth.php","meta":{"footnotes":""},"class_list":["post-1944","page","type-page","status-publish","hentry"],"_links":{"self":[{"href":"https:\/\/schulsprengel-sterzing3.it\/grundschule-mittelschule\/wp-json\/wp\/v2\/pages\/1944","targetHints":{"allow":["GET"]}}],"collection":[{"href":"https:\/\/schulsprengel-sterzing3.it\/grundschule-mittelschule\/wp-json\/wp\/v2\/pages"}],"about":[{"href":"https:\/\/schulsprengel-sterzing3.it\/grundschule-mittelschule\/wp-json\/wp\/v2\/types\/page"}],"author":[{"embeddable":true,"href":"https:\/\/schulsprengel-sterzing3.it\/grundschule-mittelschule\/wp-json\/wp\/v2\/users\/1"}],"replies":[{"embeddable":true,"href":"https:\/\/schulsprengel-sterzing3.it\/grundschule-mittelschule\/wp-json\/wp\/v2\/comments?post=1944"}],"version-history":[{"count":57,"href":"https:\/\/schulsprengel-sterzing3.it\/grundschule-mittelschule\/wp-json\/wp\/v2\/pages\/1944\/revisions"}],"predecessor-version":[{"id":6362,"href":"https:\/\/schulsprengel-sterzing3.it\/grundschule-mittelschule\/wp-json\/wp\/v2\/pages\/1944\/revisions\/6362"}],"up":[{"embeddable":true,"href":"https:\/\/schulsprengel-sterzing3.it\/grundschule-mittelschule\/wp-json\/wp\/v2\/pages\/860"}],"wp:attachment":[{"href":"https:\/\/schulsprengel-sterzing3.it\/grundschule-mittelschule\/wp-json\/wp\/v2\/media?parent=1944"}],"curies":[{"name":"wp","href":"https:\/\/api.w.org\/{rel}","templated":true}]}}