{"id":1992,"date":"2016-03-15T18:14:07","date_gmt":"2016-03-15T16:14:07","guid":{"rendered":"http:\/\/schulsprengel-sterzing3.it\/grundschule-mittelschule\/?page_id=1992"},"modified":"2025-07-14T16:25:06","modified_gmt":"2025-07-14T14:25:06","slug":"kontrollen-und-erhebungen-zur-verwaltung","status":"publish","type":"page","link":"https:\/\/schulsprengel-sterzing3.it\/grundschule-mittelschule\/transparente-verwaltung\/kontrollen-und-erhebungen-zur-verwaltung\/","title":{"rendered":"Kontrollen \u00fcber die Verwaltung und Beanstandungen"},"content":{"rendered":"<p><strong>Unabh\u00e4ngige Bewertungsgremien, Bewertungsgruppen oder andere Gremien mit gleichartigen Funktionen<br \/>\n<\/strong><em>(An den Schulen gibt es im Sinne von Artikel 74 des Gv.D Nr. 150\/2009 keine unabh\u00e4ngigen Bewertungsgremien. Die Kontrollorgane \u00fcben gleichartige Funktionen aus.)<\/em><\/p>\n<p><strong>Verwaltungs- und Rechnungspr\u00fcfungsorgane<br \/>\n<\/strong><em>(Die Kontrolle \u00fcber die ordnungsgem\u00e4\u00dfe Verwaltung und Buchhaltung in den Schulen wird von einem Kontrollorgan durchgef\u00fchrt)<br \/>\n<a href=\"https:\/\/schulsprengel-sterzing3.it\/grundschule-mittelschule\/transparente-verwaltung\/kontrollen-und-erhebungen-zur-verwaltung\/budget-2020-pruefbericht-kontrollorgan\/\" rel=\"attachment wp-att-6341\">Budget 2020 &#8211; Pr\u00fcfbericht Kontrollorgan<\/a><br \/>\n<a href=\"https:\/\/schulsprengel-sterzing3.it\/grundschule-mittelschule\/transparente-verwaltung\/kontrollen-und-erhebungen-zur-verwaltung\/budget-2021-pruefbericht-kontrollorgan\/\" rel=\"attachment wp-att-6342\">Budget 2021 &#8211; Pr\u00fcfbericht Kontrollorgan<\/a><br \/>\n<a href=\"https:\/\/schulsprengel-sterzing3.it\/grundschule-mittelschule\/transparente-verwaltung\/kontrollen-und-erhebungen-zur-verwaltung\/budget-2022-pruefbericht-kontrollorgan\/\" rel=\"attachment wp-att-6343\">Budget 2022 &#8211; Pr\u00fcfbericht Kontrollorgan<\/a><br \/>\n<a href=\"https:\/\/schulsprengel-sterzing3.it\/grundschule-mittelschule\/transparente-verwaltung\/kontrollen-und-erhebungen-zur-verwaltung\/budget-2023-pruefbericht-kontrollorgan\/\" rel=\"attachment wp-att-6344\">Budget 2023 &#8211; Pr\u00fcfbericht Kontrollorgan<\/a><br \/>\n<a href=\"https:\/\/schulsprengel-sterzing3.it\/grundschule-mittelschule\/transparente-verwaltung\/kontrollen-und-erhebungen-zur-verwaltung\/budget-2024-pruefbericht-kontrollorgan\/\" rel=\"attachment wp-att-6345\">Budget 2024 &#8211; Pr\u00fcfbericht Kontrollorgan<\/a><br \/>\n<\/em><\/p>\n<p><a href=\"https:\/\/schulsprengel-sterzing3.it\/grundschule-mittelschule\/transparente-verwaltung\/kontrollen-und-erhebungen-zur-verwaltung\/jahresabschluss-2019-pruefbericht-kontrollorgan\/\" rel=\"attachment wp-att-6346\">Jahresabschluss 2019 &#8211; Pr\u00fcfbericht Kontrollorgan<\/a><br \/>\n<a href=\"https:\/\/schulsprengel-sterzing3.it\/grundschule-mittelschule\/transparente-verwaltung\/kontrollen-und-erhebungen-zur-verwaltung\/jahresabschluss-2020-pruefbericht-kontrollorgan\/\" rel=\"attachment wp-att-6347\">Jahresabschluss 2020 &#8211; Pr\u00fcfbericht Kontrollorgan<\/a><br \/>\n<a href=\"https:\/\/schulsprengel-sterzing3.it\/grundschule-mittelschule\/transparente-verwaltung\/kontrollen-und-erhebungen-zur-verwaltung\/jahresabschluss-2021-pruefbericht-kontrollorgan\/\" rel=\"attachment wp-att-6348\">Jahresabschluss 2021 &#8211; Pr\u00fcfbericht Kontrollorgan<\/a><br \/>\n<a href=\"https:\/\/schulsprengel-sterzing3.it\/grundschule-mittelschule\/transparente-verwaltung\/kontrollen-und-erhebungen-zur-verwaltung\/jahresabschluss-2022-pruefbericht-kontrollorgan\/\" rel=\"attachment wp-att-6349\">Jahresabschluss 2022 &#8211; Pr\u00fcfbericht Kontrollorgan<\/a><br \/>\n<a href=\"https:\/\/schulsprengel-sterzing3.it\/grundschule-mittelschule\/transparente-verwaltung\/kontrollen-und-erhebungen-zur-verwaltung\/jahresabschluss-2023-pruefbericht-kontrollorgan\/\" rel=\"attachment wp-att-6350\">Jahresabschluss 2023 &#8211; Pr\u00fcfbericht Kontrollorgan<\/a><\/p>\n<p><strong>Ernennung Kontrollorgane<br \/>\n<\/strong>Mit Dekret Nr. 11409 vom 30.06.2022 der Landesdirektorin wurden die neuen Kontrollorgane im Sinne des D.L.H. 74\/2001 f\u00fcr den Zeitraum vom 01.07.2022- 30.04.2025 f\u00fcr die Schulen des Landes ernannt.<br \/>\nF\u00fcr den Schulsprengel Sterzing III wurden Frau Weiss Adelheid und Frau Paulmichl Manuela bestimmt.\u00a0<a href=\"https:\/\/schulsprengel-sterzing3.it\/grundschule-mittelschule\/wp-content\/uploads\/2023\/07\/D_11409_2022.pdf\">Dekret 11409\/2022<\/a><\/p>\n<p><strong>\u00dcberpr\u00fcfung der Ver\u00f6ffentlichungspflichten<br \/>\n<\/strong>(Beschluss der Antikorruptionsbeh\u00f6rde ANAC 201\/2022)<strong><br \/>\n<\/strong><\/p>\n<ul>\n<li><a href=\"https:\/\/schulsprengel-sterzing3.it\/grundschule-mittelschule\/wp-content\/uploads\/2022\/10\/All-1.1.-Documento-di-attestazione-per-le-amministrazioni-par.-1.1_BZ.pdf\">All 1.1. Documento di attestazione per le amministrazioni \u2013 par. 1.1_BZ<\/a><\/li>\n<li><a href=\"https:\/\/schulsprengel-sterzing3.it\/grundschule-mittelschule\/wp-content\/uploads\/2022\/10\/All-2.1.-A-Griglia-rilevazione-al-12.10.2022-per-amministrazioni-par.-1.1-rev.20.06.22-2-SSP-Sterzing-III.xlsx\">All-2.1.-A-Griglia-rilevazione-al-12.10.2022-per-amministrazioni-par.-1.1-rev.20.06.22-2<\/a><\/li>\n<li><a href=\"https:\/\/schulsprengel-sterzing3.it\/grundschule-mittelschule\/wp-content\/uploads\/2022\/10\/All-3.-Scheda-di-sintesi-sulla-rilevazione-degli-OIV-o-degli-organismi-con-funzioni-analoghe-1.pdf\">All 3. Scheda di sintesi sulla rilevazione degli OIV o degli organismi con funzioni analoghe\u00a0<\/a><\/li>\n<\/ul>\n<p><strong>\u00dcberpr\u00fcfung der Ver\u00f6ffentlichungspflichten<br \/>\n<\/strong>(Beschluss der Antikorruptionsbeh\u00f6rde ANAC 203\/2023<\/p>\n<ul>\n<li><a href=\"https:\/\/schulsprengel-sterzing3.it\/grundschule-mittelschule\/wp-content\/uploads\/2023\/09\/Raster_Bestaetigung-der-Kontrolle.pdf\">Raster 1_Best\u00e4tigung der Kontrolle<\/a><\/li>\n<li><a href=\"https:\/\/schulsprengel-sterzing3.it\/grundschule-mittelschule\/wp-content\/uploads\/2023\/12\/537d43a2-e4e8-404c-a5f4-19db72335c08-def.pdf\">Raster 2\u00a0 Best\u00e4tigung der Kontrolle<\/a><\/li>\n<\/ul>\n<p><strong>\u00dcberpr\u00fcfung der Ver\u00f6ffentlichungspflichten<br \/>\n<\/strong>(Beschluss der Antikorruptionsbeh\u00f6rde ANAC 213\/2024<\/p>\n<ul>\n<li><a href=\"https:\/\/schulsprengel-sterzing3.it\/grundschule-mittelschule\/transparente-verwaltung\/kontrollen-und-erhebungen-zur-verwaltung\/sterzing-3_attestazione-7-2024\/\" rel=\"attachment wp-att-6366\">STERZING 3_ATTESTAZIONE 7-2024<\/a><\/li>\n<\/ul>\n<p><strong>\u00dcberpr\u00fcfung der Ver\u00f6ffentlichungspflichten<br \/>\n<\/strong>(Beschluss der Antikorruptionsbeh\u00f6rde ANAC 192\/202025<\/p>\n<ul>\n<li><a href=\"https:\/\/schulsprengel-sterzing3.it\/grundschule-mittelschule\/transparente-verwaltung\/kontrollen-und-erhebungen-zur-verwaltung\/bericht-transparenz-sterzing-3_2025\/\" rel=\"attachment wp-att-6407\">STERZING 3 ATTESTAZIONE 7-2025<\/a><\/li>\n<\/ul>\n<p><strong>Rechnungshof<br \/>\n<\/strong><em>(Es sind keine Beanstandungen des Rechnungshofes bekannt)<\/em><\/p>\n","protected":false},"excerpt":{"rendered":"<p>Unabh\u00e4ngige Bewertungsgremien, Bewertungsgruppen oder andere Gremien mit gleichartigen Funktionen (An den Schulen gibt es im Sinne von Artikel 74 des Gv.D Nr. 150\/2009 keine unabh\u00e4ngigen Bewertungsgremien. Die Kontrollorgane \u00fcben gleichartige Funktionen aus.) Verwaltungs- und Rechnungspr\u00fcfungsorgane (Die Kontrolle \u00fcber die ordnungsgem\u00e4\u00dfe Verwaltung und Buchhaltung in den Schulen wird von einem Kontrollorgan durchgef\u00fchrt) Budget 2020 &#8211; Pr\u00fcfbericht [&hellip;]<\/p>\n","protected":false},"author":1,"featured_media":0,"parent":860,"menu_order":0,"comment_status":"closed","ping_status":"closed","template":"","meta":{"footnotes":""},"class_list":["post-1992","page","type-page","status-publish","hentry"],"_links":{"self":[{"href":"https:\/\/schulsprengel-sterzing3.it\/grundschule-mittelschule\/wp-json\/wp\/v2\/pages\/1992","targetHints":{"allow":["GET"]}}],"collection":[{"href":"https:\/\/schulsprengel-sterzing3.it\/grundschule-mittelschule\/wp-json\/wp\/v2\/pages"}],"about":[{"href":"https:\/\/schulsprengel-sterzing3.it\/grundschule-mittelschule\/wp-json\/wp\/v2\/types\/page"}],"author":[{"embeddable":true,"href":"https:\/\/schulsprengel-sterzing3.it\/grundschule-mittelschule\/wp-json\/wp\/v2\/users\/1"}],"replies":[{"embeddable":true,"href":"https:\/\/schulsprengel-sterzing3.it\/grundschule-mittelschule\/wp-json\/wp\/v2\/comments?post=1992"}],"version-history":[{"count":18,"href":"https:\/\/schulsprengel-sterzing3.it\/grundschule-mittelschule\/wp-json\/wp\/v2\/pages\/1992\/revisions"}],"predecessor-version":[{"id":6409,"href":"https:\/\/schulsprengel-sterzing3.it\/grundschule-mittelschule\/wp-json\/wp\/v2\/pages\/1992\/revisions\/6409"}],"up":[{"embeddable":true,"href":"https:\/\/schulsprengel-sterzing3.it\/grundschule-mittelschule\/wp-json\/wp\/v2\/pages\/860"}],"wp:attachment":[{"href":"https:\/\/schulsprengel-sterzing3.it\/grundschule-mittelschule\/wp-json\/wp\/v2\/media?parent=1992"}],"curies":[{"name":"wp","href":"https:\/\/api.w.org\/{rel}","templated":true}]}}