{"id":1996,"date":"2016-03-15T18:16:46","date_gmt":"2016-03-15T16:16:46","guid":{"rendered":"http:\/\/schulsprengel-sterzing3.it\/grundschule-mittelschule\/?page_id=1996"},"modified":"2024-06-03T17:35:52","modified_gmt":"2024-06-03T15:35:52","slug":"immobilien-und-vermoegensverwaltung","status":"publish","type":"page","link":"https:\/\/schulsprengel-sterzing3.it\/grundschule-mittelschule\/transparente-verwaltung\/immobilien-und-vermoegensverwaltung\/","title":{"rendered":"Liegenschaften und Verm\u00f6gensverwaltung"},"content":{"rendered":"<p><strong>Liegenschaftsverm\u00f6gen\u200b <\/strong>(Art. 30)<br \/>\nDie Schule verf\u00fcgt \u00fcber kein Immobilienverm\u00f6gen (hinsichtlich der Eigentumsverh\u00e4ltnisse siehe Landesgesetz Nr. 37\/1992).<\/p>\n<p><strong>Miet- oder Pachtzinse <\/strong>(Art. 30)<br \/>\nf\u00fcr die Schule nicht zutreffend\u200b<\/p>\n","protected":false},"excerpt":{"rendered":"<p>Liegenschaftsverm\u00f6gen\u200b (Art. 30) Die Schule verf\u00fcgt \u00fcber kein Immobilienverm\u00f6gen (hinsichtlich der Eigentumsverh\u00e4ltnisse siehe Landesgesetz Nr. 37\/1992). Miet- oder Pachtzinse (Art. 30) f\u00fcr die Schule nicht zutreffend\u200b<\/p>\n","protected":false},"author":1,"featured_media":0,"parent":860,"menu_order":0,"comment_status":"closed","ping_status":"closed","template":"template-fullwidth.php","meta":{"footnotes":""},"class_list":["post-1996","page","type-page","status-publish","hentry"],"_links":{"self":[{"href":"https:\/\/schulsprengel-sterzing3.it\/grundschule-mittelschule\/wp-json\/wp\/v2\/pages\/1996","targetHints":{"allow":["GET"]}}],"collection":[{"href":"https:\/\/schulsprengel-sterzing3.it\/grundschule-mittelschule\/wp-json\/wp\/v2\/pages"}],"about":[{"href":"https:\/\/schulsprengel-sterzing3.it\/grundschule-mittelschule\/wp-json\/wp\/v2\/types\/page"}],"author":[{"embeddable":true,"href":"https:\/\/schulsprengel-sterzing3.it\/grundschule-mittelschule\/wp-json\/wp\/v2\/users\/1"}],"replies":[{"embeddable":true,"href":"https:\/\/schulsprengel-sterzing3.it\/grundschule-mittelschule\/wp-json\/wp\/v2\/comments?post=1996"}],"version-history":[{"count":3,"href":"https:\/\/schulsprengel-sterzing3.it\/grundschule-mittelschule\/wp-json\/wp\/v2\/pages\/1996\/revisions"}],"predecessor-version":[{"id":6320,"href":"https:\/\/schulsprengel-sterzing3.it\/grundschule-mittelschule\/wp-json\/wp\/v2\/pages\/1996\/revisions\/6320"}],"up":[{"embeddable":true,"href":"https:\/\/schulsprengel-sterzing3.it\/grundschule-mittelschule\/wp-json\/wp\/v2\/pages\/860"}],"wp:attachment":[{"href":"https:\/\/schulsprengel-sterzing3.it\/grundschule-mittelschule\/wp-json\/wp\/v2\/media?parent=1996"}],"curies":[{"name":"wp","href":"https:\/\/api.w.org\/{rel}","templated":true}]}}