{"id":4057,"date":"2020-02-07T17:20:21","date_gmt":"2020-02-07T15:20:21","guid":{"rendered":"http:\/\/schulsprengel-sterzing3.it\/grundschule-mittelschule\/?page_id=4057"},"modified":"2024-06-11T14:33:13","modified_gmt":"2024-06-11T12:33:13","slug":"zuschuesse-beitraege-beihilfen-wirtschaftliche-verguenstigungen","status":"publish","type":"page","link":"https:\/\/schulsprengel-sterzing3.it\/grundschule-mittelschule\/transparente-verwaltung\/zuschuesse-beitraege-beihilfen-wirtschaftliche-verguenstigungen\/","title":{"rendered":"Subventionen, Zusch\u00fcsse, Beitr\u00e4ge, Beihilfen, wirtschaftliche Verg\u00fcnstigungen"},"content":{"rendered":"<h2>Kriterien und Modalit\u00e4ten<\/h2>\n<pre>Art. 26, Abs. 1<\/pre>\n<p>Kriterien f\u00fcr die Unterst\u00fctzung von minderbemittelten Sch\u00fclern bei Schulausfl\u00fcgen und Schulprojekten.<\/p>\n<p><a href=\"https:\/\/schulsprengel-sterzing3.it\/grundschule-mittelschule\/wp-content\/uploads\/2024\/06\/03-12.03.2007-Festlegung-der-Schuelerbeitraege.pdf\">03-12.03.2007 Festlegung der Sch\u00fclerbeitr\u00e4ge<\/a><\/p>\n<h2>Gew\u00e4hrungsakte<\/h2>\n<pre>Art. 26, Abs. 2, Art. 27<\/pre>\n<p>Bei der Vergabe von Subventionen, Beitr\u00e4gen, Zusch\u00fcssen, finanziellen Unterst\u00fctzungen und wirtschaftlichen Beg\u00fcnstigungen jeglicher Art \u00fcber 1.000,00 \u20ac an Personen und an \u00f6ffentliche oder private K\u00f6rperschaften sind auch die Gew\u00e4hrungsakte zu ver\u00f6ffentlichen.<\/p>\n<p>Der SSP Sterzing III hat in den letzten Jahren keine Gew\u00e4hrungsakte in diesem Sinne vorgenommen.<\/p>\n","protected":false},"excerpt":{"rendered":"<p>Kriterien und Modalit\u00e4ten Art. 26, Abs. 1 Kriterien f\u00fcr die Unterst\u00fctzung von minderbemittelten Sch\u00fclern bei Schulausfl\u00fcgen und Schulprojekten. 03-12.03.2007 Festlegung der Sch\u00fclerbeitr\u00e4ge Gew\u00e4hrungsakte Art. 26, Abs. 2, Art. 27 Bei der Vergabe von Subventionen, Beitr\u00e4gen, Zusch\u00fcssen, finanziellen Unterst\u00fctzungen und wirtschaftlichen Beg\u00fcnstigungen jeglicher Art \u00fcber 1.000,00 \u20ac an Personen und an \u00f6ffentliche oder private K\u00f6rperschaften sind [&hellip;]<\/p>\n","protected":false},"author":1,"featured_media":0,"parent":860,"menu_order":0,"comment_status":"closed","ping_status":"closed","template":"template-fullwidth.php","meta":{"footnotes":""},"class_list":["post-4057","page","type-page","status-publish","hentry"],"_links":{"self":[{"href":"https:\/\/schulsprengel-sterzing3.it\/grundschule-mittelschule\/wp-json\/wp\/v2\/pages\/4057","targetHints":{"allow":["GET"]}}],"collection":[{"href":"https:\/\/schulsprengel-sterzing3.it\/grundschule-mittelschule\/wp-json\/wp\/v2\/pages"}],"about":[{"href":"https:\/\/schulsprengel-sterzing3.it\/grundschule-mittelschule\/wp-json\/wp\/v2\/types\/page"}],"author":[{"embeddable":true,"href":"https:\/\/schulsprengel-sterzing3.it\/grundschule-mittelschule\/wp-json\/wp\/v2\/users\/1"}],"replies":[{"embeddable":true,"href":"https:\/\/schulsprengel-sterzing3.it\/grundschule-mittelschule\/wp-json\/wp\/v2\/comments?post=4057"}],"version-history":[{"count":13,"href":"https:\/\/schulsprengel-sterzing3.it\/grundschule-mittelschule\/wp-json\/wp\/v2\/pages\/4057\/revisions"}],"predecessor-version":[{"id":6363,"href":"https:\/\/schulsprengel-sterzing3.it\/grundschule-mittelschule\/wp-json\/wp\/v2\/pages\/4057\/revisions\/6363"}],"up":[{"embeddable":true,"href":"https:\/\/schulsprengel-sterzing3.it\/grundschule-mittelschule\/wp-json\/wp\/v2\/pages\/860"}],"wp:attachment":[{"href":"https:\/\/schulsprengel-sterzing3.it\/grundschule-mittelschule\/wp-json\/wp\/v2\/media?parent=4057"}],"curies":[{"name":"wp","href":"https:\/\/api.w.org\/{rel}","templated":true}]}}