{"id":420,"date":"2014-02-05T17:21:20","date_gmt":"2014-02-05T15:21:20","guid":{"rendered":"http:\/\/schulsprengel-sterzing3.it\/grundschule-mittelschule\/?page_id=420"},"modified":"2015-02-04T14:49:01","modified_gmt":"2015-02-04T12:49:01","slug":"allgemeines-zu-transparenten-verwaltung","status":"publish","type":"page","link":"https:\/\/schulsprengel-sterzing3.it\/grundschule-mittelschule\/transparente-verwaltung\/allgemeines-zu-transparenten-verwaltung\/","title":{"rendered":"Dreij\u00e4hriges Transparenzprogramm"},"content":{"rendered":"<p><strong>\u00a0Dreij\u00e4hriges Transparenz- und Integrit\u00e4tsprogrammdes Schulsprengels Sterzing III f\u00fcr den Zeitraum 2015-2017 (genehmigt mit Beschluss des Schulrates vom 27.01.2015, Nr. 02)<\/strong><\/p>\n<p>Laut Art. 10 des gesetzesvertretenden Dekrets vom 14. M\u00e4rz 2013, Nr. 33 \u201e<em>Riordino della disciplina riguardante gli obblighi di pubblicit\u00e0, trasparenza e diffusione di informazioni da parte delle pubbliche amministrazioni<\/em>\u201d, hat jede \u00f6ffentliche Verwaltung ein sog. dreij\u00e4hriges Programm f\u00fcr die Transparenz und Integrit\u00e4t zu erstellen. Mit dem vorliegenden dreij\u00e4hrigen Transparenz- und Integrit\u00e4tsprogramm f\u00fcr die Jahre 2015-2017 definiert der Schulsprengel Sterzing III u.a. die Initiativen zur Gew\u00e4hrleistung eines angemessenen Transparenzstandards. Durch die Ver\u00f6ffentlichung des Programms in der Sektion \u201eTransparente Verwaltung\u201c der Homepage der Schule wird die Verbreitung dieser Initiativen sichergestellt. In der Folge werden einleitend summarisch die Organisation und die Befugnisse des Schulsprengels Sterzing III dargelegt:<\/p>\n<p>Der Schulsprengel Sterzing III hat seinen Sitz in 39049 Sterzing, Kanonikus-Michael-Gamper-Platz 3, und besteht aus der Mittelslchule \u201eVigil Raber\u201c und sechs Grundschulen (Grundschule Wiesen, Grundschule Kematen, Grundschule St. Jakob, Grundschule Trens, Grundschule Stilfes und Grundschule Mauls). Im Schuljahr 2014\/2015 sind an der Schule eine Schulf\u00fchrungskraft, 79 Lehrpersonen und 19 Personen in der Verwaltung t\u00e4tig. Der Schule stehen folgende Finanzmittel f\u00fcr die Verwaltung der Schule zur Verf\u00fcgung: <a href=\"https:\/\/schulsprengel-sterzing3.it\/grundschule-mittelschule\/wp-content\/uploads\/2014\/02\/OBU-Haushaltsvoranschlag-2015.pdf\">OBU &#8211; Haushaltsvoranschlag 2015<\/a><\/p>\n<p>Die autonome Schule ist Teil des Bildungssystems des Landes. Sie ist eine \u00f6ffentliche K\u00f6rperschaft mit Rechtspers\u00f6nlichkeit und Autonomie in den Bereichen Didaktik, Organisation, Forschung, Schulentwicklung, Schulversuche, Verwaltung und Finanzen. Die Schule ist verantwortlich f\u00fcr die Festlegung und Verwirklichung des Bildungsangebotes.<\/p>\n<p>Die Schulf\u00fchrungskraft ist die gesetzliche Vertreterin der autonomen Schule und die Vorgesetzte des Lehr- und des Verwaltungspersonals. Sie \u00fcbt ihre Zust\u00e4ndigkeiten (die Zust\u00e4ndigkeiten der Schulf\u00fchrungskraft sind im Feld \u201ePolitisch-administrative Organe\u201c ver\u00f6ffentlicht) unter Beachtung der Befugnisse der Kollegialorgane aus.<\/p>\n<p>Die Kollegialorgane wirken unter Beachtung der einschl\u00e4gigen Bestimmungen, die ihre Befugnisse und Zusammensetzung regeln (die Kompetenzen der Kollegialorgane sind im Feld \u201ePolitisch-administrative Organe\u201c ver\u00f6ffentlicht), an der Gestaltung der Schule mit und garantieren die Effektivit\u00e4t der Autonomie der Schule.<\/p>\n<p>Die Lehrpersonen sind f\u00fcr die Planung und Umsetzung der Lehr- und Lernprozesse verantwortlich.<\/p>\n<p>Im Rahmen der einheitlichen F\u00fchrung, die der Schulf\u00fchrungskraft zusteht, koordiniert der verantwortliche Sekret\u00e4r oder die verantwortliche Sekret\u00e4rin die Verwaltungs-, Buchhaltungs- und Hilfsdienste der Schule.<\/p>\n<p>Das Schulpersonal, die Eltern, die Sch\u00fclerinnen und Sch\u00fcler beteiligen sich an der Umsetzung und Weiterentwicklung der Autonomie und \u00fcbernehmen dementsprechende Verantwortung.<\/p>\n<p>Die Schulf\u00fchrungskraft des Schulsprengels Sterzing III ist mit Beschluss des Schulrates vom 28.01.2014, Nr.1, als Transparenzbeauftragte ernannt worden.<\/p>\n<p><strong>1. Wesentliche Neuerungen<\/strong><\/p>\n<p>In dieser Sektion des Transparenz- und Integrit\u00e4tsprogrammes sind die wesentlichen Neuerungen in Bezug auf das Transparenzprogramm des vorhergehenden Jahres hervorzuheben. Derzeit werden keine wesentlichen Neuerungen dargelegt. Mit der Genehmigung und Ver\u00f6ffentlichung des Transparenzprogrammes f\u00fcr den Zeitraum 2016-2018 k\u00f6nnen in diesem Feld die Neuerungen zum Transparenzprogramm 2015-2017 eingetragen werden.<\/p>\n<p><strong>2. Ausarbeitungs- und Genehmigungsverfahren des Programms<\/strong><\/p>\n<p>Die Dienstleistungsgrunds\u00e4tze des Schulsprengels Sterzing III sehen vor, dass die Transparenz f\u00fcr den Schulsprengel Sterzing III ein zentrales strategisches Ziel darstellt. Zus\u00e4tzlich zu den ver\u00f6ffentlichungspflichtigen Daten laut gesetzesvertretendem Dekret vom 14. M\u00e4rz 2013, Nr. 33, hat der Schulsprengel Sterzing III eine Reihe von Daten und Informationen zu ver\u00f6ffentlichen, um den B\u00fcrgerinnen und B\u00fcrgern ein umfangreiches Informationsspektrum \u00fcber die eigene T\u00e4tigkeit zu bieten und um eine allumfassende Transparenz zu f\u00f6rdern. Diese zus\u00e4tzlich zu ver\u00f6ffentlichenden Daten sind im dreij\u00e4hrigen Transparenz- und Integrit\u00e4tsprogramm zu definieren und in der Untersektion \u201eweitere Inhalte\u201c der Sektion \u201eTransparente Verwaltung\u201c der Homepage der Schule zu ver\u00f6ffentlichen.<\/p>\n<p>Zum Genehmigungsverfahren des Plans:<\/p>\n<p>Der Transparenzbeauftragte des Schulsprengels Sterzing III hat auf der Grundlage der Bestimmungen laut GvD Nr. 33\/2013 und des Beschlusses der CIVIT Nr. 50\/2013 \u201e<em>Linee guida per l\u2019aggiornamento del Programma triennale per la trasparenza e l\u2019integrit\u00e0 2014-2016<\/em>\u201c \u2013 einen Entwurf des dreij\u00e4hrigen Transparenzprogrammes f\u00fcr den Zeitraum 2014-2016 ausgearbeitet.<\/p>\n<p>Um die gesamte Schulgemeinschaft und andere \u201e<em>stakeholders<\/em>\u201c bei der Ausarbeitung des dreij\u00e4hrigen Transparenz- und Integrit\u00e4tsprogrammes miteinzubeziehen, wurde der Entwurf auf der Homepage der Schule ver\u00f6ffentlicht, mit dem Hinweis, dass alle Interessensgruppen bis zum 15. J\u00e4nner 2014 \u00c4nderungs-, Erg\u00e4nzungs- oder Verbesserungsvorschl\u00e4ge oder sonstige Anregungen oder allgemeine R\u00fcckmeldungen einbringen k\u00f6nnen.<\/p>\n<p>In der Sitzung vom 27.01.2015 wird dem Schulrat dieser Entwurf zur Beschlussfassung unterbreitet.<\/p>\n<p>F\u00fcr die Jahre 2015 und 2017 wird der Transparenzbeauftragte bis Ende November des jeweils vorhergehenden Jahres das Transparenz- und Integrit\u00e4tsprogramm aktualisieren, im darauf folgenden Monat Dezember den aktualisierten Entwurf durch geeignete partizipative Mechanismen den \u201e<em>stakeholders<\/em>\u201c zur Kenntnis bringen, damit diese Erg\u00e4nzungs-, \u00c4nderungs- oder Verbesserungsvorschl\u00e4ge vorbringen k\u00f6nnen, und zeitgerecht den definitiven Entwurf dem Schulrat vorlegen, damit dieser ihn bis zum 31. J\u00e4nner des betreffenden Jahres genehmigen kann.<\/p>\n<p><strong>3. Mitteilungsinitiativen \u00fcber die Transparenz<\/strong><\/p>\n<p>Zentraler Bestandteil des Transparenz- und Integrit\u00e4tsprogrammes ist die Ver\u00f6ffentlichung der von den jeweiligen Verwaltungen vorgesehenen Initiativen zur Gew\u00e4hrleistung eines angemessenen Transparenzstandards und der Legalit\u00e4t sowie der Entwicklung einer Integrit\u00e4tskultur.<\/p>\n<p>Der Schulsprengel Sterzing III hat folgende Initiativen vorgesehen bzw. getroffen:<\/p>\n<ul>\n<li>Auf der Homepage der Schule wurde im Menu auf oberster Ebene der Link zur Sektion \u201eTransparente Verwaltung\u201c eingef\u00fcgt.<\/li>\n<li>An der Anschlagtafel des Schulsprengels Sterzing III wird das Transparenz- und Integrit\u00e4tsprogramm der Schule ver\u00f6ffentlicht.<\/li>\n<li>Die Brosch\u00fcre \u201eHandreichung zum Schuleintritt\u201c und die Brosch\u00fcre \u201eWillkommen in der Mittelschule\u201c des Schulsprengels Sterzing III enth\u00e4lt einen Hinweis, dass auf der Sektion \u201eTransparente Verwaltung\u201c der eigenen Homepage zahlreiche Informationen und Daten \u00fcber den Schulbetrieb ver\u00f6ffentlicht sind.<\/li>\n<li>Bei den Elternversammlungen auf Klassenebene werden die Eltern dar\u00fcber informiert, dass die Homepage der Schule auf der Sektion \u201eTransparente Verwaltung\u201c zahlreiche Informationen \u00fcber die Struktur, die Organisation und die T\u00e4tigkeit der Schule enth\u00e4lt. Die Direktorin l\u00e4dt j\u00e4hrlich Mitte J\u00e4nner Eltern, Sch\u00fcler und Interessierte zur Informationsveranstaltung \u201eVorstellung der Mittelschule\u201c ein.<\/li>\n<li>Im Rahmen der \u00d6ffentlichkeitsarbeit weist die Schulf\u00fchrungskraft der Schule auf die in der Sektion \u201eTransparente Verwaltung\u201c der Homepage der Schule ver\u00f6ffentlichten Informationen hin und steht f\u00fcr eventuelle Fragen interessierter Eltern zur Verf\u00fcgung. Gleichzeitig wird den Eltern die M\u00f6glichkeit geboten, Vorschl\u00e4ge f\u00fcr zus\u00e4tzliche Ver\u00f6ffentlichungen auf der Sektion \u201eTransparente Verwaltung\u201c zu unterbreiten.<\/li>\n<li>Die Informationsschreiben an die Erziehungsberechtigten enthalten Hinweise\/Informationen \u00fcber die auf der Sektion \u201eTransparente Verwaltung\u201c der Homepage der Schule ver\u00f6ffentlichten Daten bzw. Informationen \u00fcber die letzten Ver\u00f6ffentlichungen\/Aktualisierungen der Daten.<\/li>\n<li>Im Feld \u201eweitere Inhalte\u201c der Sektion \u201eTransparente Verwaltung\u201c der eigenen Homepage hat die Schule die M\u00f6glichkeit vorgesehen, dass Externe (z.B. Eltern, Sch\u00fcler, B\u00fcrger) Vorschl\u00e4ge f\u00fcr die Ver\u00f6ffentlichung von zus\u00e4tzlichen Daten und Informationen unterbreiten k\u00f6nnen. Zu diesem Zwecke wurde im Feld \u201eweitere Inhalte\u201c folgender Text ver\u00f6ffentlicht: \u201eVorschl\u00e4ge zur Ver\u00f6ffentlichung weiterer Inhalte auf der Sektion \u201eTransparente Verwaltung\u201c k\u00f6nnen an folgende E-Mail-Adresse \u00fcbermittelt werden: <strong><a href=\"mailto:ssp.sterzing3@schule.suedtirol.it\">ssp.sterzing3@schule.suedtirol.it<\/a><\/strong><\/li>\n<li>Mit dem Amt f\u00fcr Personalentwicklung der Landesverwaltung wurde vereinbart, dass an den f\u00fcr die Landesverwaltung organisierten Fortbildungsveranstaltungen zu den Themen Ethik und Legalit\u00e4t bzw. zu den mit GvD Nr. 33\/2013 eingef\u00fchrten Transparenzbestimmungen auch interessierte Schulf\u00fchrungskr\u00e4fte, Lehrpersonen oder das Verwaltungspersonal teilnehmen k\u00f6nnen.<\/li>\n<li>Der Schulsprengel Sterzing III \u00fcberpr\u00fcft j\u00e4hrlich zuf\u00e4llig ausgew\u00e4hlte Homepages anderer Schulen oder Schulsprengel und vergleicht die auf ihren Sektionen der transparenten Verwaltung zus\u00e4tzlich ver\u00f6ffentlichten weiteren Inhalte mit jenen der eigenen Homepage, um gute Beispiele zu \u00fcbernehmen.<\/li>\n<\/ul>\n<p><strong>4. Umsetzungsprozess des Programms<\/strong><\/p>\n<p>Die Schulf\u00fchrungskraft ist als Transparenzbeauftragte f\u00fcr die Ver\u00f6ffentlichung und f\u00fcr die Aktualisierung aller ver\u00f6ffentlichungspflichtigen Daten und aller zus\u00e4tzlichen Daten laut Transparenz- und Integrit\u00e4tsprogramm verantwortlich. Operativ (d.h. f\u00fcr die materielle Ver\u00f6ffentlichung auf der Sektion \u201eTransparente Verwaltung\u201c der Homepage der Schulsprengel Sterzing III ist das Sekretariat, in Person der Schulsekret\u00e4rin zust\u00e4ndig. Das Sekretariat ist auch zust\u00e4ndig, die Daten zu aktualisieren. Zum Zwecke der Festlegung des Zeitpunkts f\u00fcr die Aktualisierung der Daten wird die Anlage 1 des Beschlusses der CIVIT Nr. 50\/2013 herangezogen (in dieser Anlage wird u.a. spezifiziert, wann \u2013 d.h. in welchem Zeitabstand \u2013 die ver\u00f6ffentlichungspflichtigen Daten zu aktualisieren sind). Die Schulf\u00fchrungskraft \u00fcberpr\u00fcft und \u00fcberwacht (als Transparenzbeauftragte) allgemein die Anwendung der Transparenzbestimmungen und insbesondere auch, ob die ver\u00f6ffentlichungspflichtigen Daten vollst\u00e4ndig, aktuell und in einem wieder verwendbaren Format (in einem sog. offenem Format) ver\u00f6ffentlicht wurden.<\/p>\n<p>Um die Wirksamkeit des B\u00fcrgerzugangs zu gew\u00e4hrleisten, wird auf Schulebene folgendes Verfahren festgelegt:<\/p>\n<p>a)\u00a0\u00a0\u00a0\u00a0 Die B\u00fcrgerinnen und B\u00fcrger werden auf der Sektion \u201eTransparente Verwaltung\u201c der Homepage des Schulsprengels Sterzing III, Untersektion \u201eweitere Inhalte\u201c \u00fcber den B\u00fcrgerzugang und an wen die Antr\u00e4ge auf B\u00fcrgerzugang zu richten sind (an die Schulf\u00fchrungskraft als Transparenzbeauftragte) informiert.<\/p>\n<p>b)\u00a0\u00a0\u00a0 Die Schulf\u00fchrungskraft nimmt den Antrag auf B\u00fcrgerzugang entgegen.<\/p>\n<p>c)\u00a0\u00a0\u00a0\u00a0 Dieser Antrag wird unmittelbar dem Sekretariat weitergeleitet, das in der Folge die ver\u00f6ffentlichungspflichtigen Daten dem B\u00fcrger \u00fcbermittelt und sie auf der Homepage des Schulsprengels Sterzing III ver\u00f6ffentlicht.<\/p>\n<p>d)\u00a0\u00a0\u00a0 Die Schulf\u00fchrungskraft \u00fcberpr\u00fcft 20 Tage nach Eingang des Antrags auf B\u00fcrgerzugang, ob derselbe Antrag vom Sekretariat erledigt wurde.<\/p>\n<p>e)\u00a0\u00a0\u00a0\u00a0 Falls die Daten noch nicht ver\u00f6ffentlicht wurden, sorgt die Schulf\u00fchrungskraft selbst innerhalb der n\u00e4chsten 10 Tage f\u00fcr die Mitteilung und Ver\u00f6ffentlichung der Daten, damit das Verfahren auf B\u00fcrgerzugang innerhalb der laut Art. 5 Absatz 3 des GvD Nr. 33\/2013 festgelegten Frist von 30 Tagen zum Abschluss gebracht werden kann.<\/p>\n<p>Ferner wird auf der Sektion \u201eTransparente Verwaltung\u201c auf der Homepage des Schulsprengels Sterzing III ein web-counter (Besucherz\u00e4hler) eingerichtet, damit \u00fcberpr\u00fcft werden kann, wie viele und welche Daten von den B\u00fcrgerinnen und B\u00fcrgern abgerufen werden. Jene Daten, die von besonderem Interesse sind (die Daten, auf die besonders oft zugegriffen wird), werden nach M\u00f6glichkeit mit zus\u00e4tzlichen Daten und Informationen integriert oder erg\u00e4nzt.<\/p>\n<p><strong>5. Zus\u00e4tzliche Daten<\/strong><\/p>\n<p>Art. 1 Absatz 1 des GvD Nr. 33\/2013 definiert die Transparenz als allumfassende Zug\u00e4nglichkeit (sog. \u201e<em>accessibilit\u00e0 totale<\/em>\u201c) von Informationen \u00fcber die Organisation und \u00fcber die T\u00e4tigkeit von \u00f6ffentlichen Verwaltungen. Laut Beschluss der CIVIT Nr. 50\/2013 impliziert diese Begriffsbestimmung von Transparenz, dass alle \u00f6ffentliche Verwaltungen auf den eigenen Homepages nicht nur die aufgrund der einschl\u00e4gigen Bestimmungen ver\u00f6ffentlichungspflichtigen Daten, sondern \u2013 in ihrem Ermessensspielraum \u2013 auch eine Reihe von zus\u00e4tzlichen Daten zu ver\u00f6ffentlichen haben. Diese Daten sind im vorliegenden Abschnitt des Transparenz- und Integrit\u00e4tsprogramms zu definieren und in der Folge in der Sektion \u201eTransparente Verwaltung\u201c, Unterbereich \u201eweitere Inhalte\u201c zu ver\u00f6ffentlichen. Dabei handelt es sich um folgende zus\u00e4tzliche Daten:<\/p>\n<p>a)\u00a0\u00a0\u00a0\u00a0 Informationen \u00fcber die Sektion \u201eTransparente Verwaltung\u201c der Homepage des Schulsprengels Sterzing III:<\/p>\n<p>Das gesetzesvertretende Dekret vom 14. M\u00e4rz 2013, Nr. 33, hat die Transparenz- und Ver\u00f6ffentlichungsbestimmungen f\u00fcr \u00f6ffentliche Verwaltungen (einschlie\u00dflich der Schulen) organisch neu geregelt. Art. 2 Absatz 2 des GvD Nr. 33\/2013 bestimmt, dass die Ver\u00f6ffentlichung der Dokumente, Daten und Informationen \u00fcber die Organisation und T\u00e4tigkeit der \u00f6ffentlichen Verwaltung auf der eigenen Homepage gem\u00e4\u00df Anlage A des genannten Dekrets zu erfolgen hat und dass alle B\u00fcrgerinnen und B\u00fcrger ein Recht auf direkten und unmittelbaren Zugang (ohne Erfordernis von Authentifizierungs- oder Identifizierungscodes) zu diesen Informationen haben.<\/p>\n<p>Auch die Sektion \u201eTransparente Verwaltung\u201c der Homepage des Schulsprengels Sterzing III wurde nach dem Muster laut Anlage A des GvD Nr. 33\/2013 erstellt (dabei gilt es zu ber\u00fccksichtigen, dass die Homepage des Schulsprengels Sterzing III bereits vor Inkrafttreten der Transparenzbestimmungen eine Reihe von Daten und Informationen enthalten hat, die laut GvD Nr. 33\/2013 ver\u00f6ffentlichungspflichtig sind; diese Daten wurden lediglich geordnet und in die verschiedenen Unterbereiche der Sektion \u201eTransparente Verwaltung\u201c verschoben). Die Sektion \u201eTransparente Verwaltung\u201c ist in 23 Unterbereiche 1. Ebene gegliedert, die sich wiederum in Unterbereiche 2. Ebene strukturieren. Alle Daten und Informationen \u00fcber die Organisation und T\u00e4tigkeit der Schule sind in diesen Unterbereichen enthalten.<\/p>\n<p>Die Daten werden von der Schule selbst auf der eigenen Homepage bzw. auch auf anderen Homepages ver\u00f6ffentlicht. Die Schule hat beispielsweise die Daten zur Vertragst\u00e4tigkeit auf dem Portal f\u00fcr die Verfahren und die Aufsicht im Bereich \u00f6ffentliche Bau-, Dienstleistungs- und Lieferungsauftr\u00e4ge im Informationssystem f\u00fcr \u00f6ffentliche Vertr\u00e4ge zu ver\u00f6ffentlichen (vgl. Rundschreiben des Generaldirektors der Landesverwaltung vom 9. Mai 2013, Nr. 9, und Mitteilung vom 14 M\u00e4rz 2013, Prot. 358, der Agentur f\u00fcr die Verfahren und die Aufsicht im Bereich \u00f6ffentliche Bau, Dienstleistungs- und Lieferauftr\u00e4ge). Zu den Daten, die von der Schule auf anderen Homepages ver\u00f6ffentlicht werden, wird auf der Sektion \u201eTransparente Verwaltung\u201c der eigenen Homepage eine Verlinkung hergestellt. Zudem enth\u00e4lt die Sektion \u201eTransparente Verwaltung\u201c des Schulsprengels Sterzing III eine Reihe von Daten, die zentral von der Landesverwaltung vorwiegend auf der Sektion \u201eTransparente Verwaltung\u201c des S\u00fcdtiroler B\u00fcrgernetzes ver\u00f6ffentlicht werden, da die Landesverwaltung \u00fcber diese Daten verf\u00fcgt. Es handelt sich beispielsweise um Daten zum Stellenplan, zum Personal mit nicht unbefristetem Arbeitsvertrag, zu den Kollektivvertragsverhandlungen oder zu den Pr\u00e4mien. Auch zu diesen Daten wird auf der eigenen Sektion \u201eTransparente Verwaltung\u201c eine Verlinkung hergestellt.<\/p>\n<p>b)\u00a0\u00a0\u00a0 Informationen \u00fcber didaktische Projekte, Wahlpflicht- und Wahlangebote, schulbegleitende T\u00e4tigkeiten, Ma\u00dfnahmen im Bereich der Evaluation (interne und externe Evaluation), zu interessanten wissenschaftlichen Studien, zu Workshops, zur Uhrzeit der Sprechstunden der Lehrpersonen, zur Sch\u00fclerbef\u00f6rderung oder zur Schulausspeisung werden ver\u00f6ffentlicht<em>.<\/em><\/p>\n","protected":false},"excerpt":{"rendered":"<p>\u00a0Dreij\u00e4hriges Transparenz- und Integrit\u00e4tsprogrammdes Schulsprengels Sterzing III f\u00fcr den Zeitraum 2015-2017 (genehmigt mit Beschluss des Schulrates vom 27.01.2015, Nr. 02) Laut Art. 10 des gesetzesvertretenden Dekrets vom 14. M\u00e4rz 2013, Nr. 33 \u201eRiordino della disciplina riguardante gli obblighi di pubblicit\u00e0, trasparenza e diffusione di informazioni da parte delle pubbliche amministrazioni\u201d, hat jede \u00f6ffentliche Verwaltung ein [&hellip;]<\/p>\n","protected":false},"author":1,"featured_media":0,"parent":860,"menu_order":0,"comment_status":"closed","ping_status":"open","template":"template-noright.php","meta":{"footnotes":""},"class_list":["post-420","page","type-page","status-publish","hentry"],"_links":{"self":[{"href":"https:\/\/schulsprengel-sterzing3.it\/grundschule-mittelschule\/wp-json\/wp\/v2\/pages\/420","targetHints":{"allow":["GET"]}}],"collection":[{"href":"https:\/\/schulsprengel-sterzing3.it\/grundschule-mittelschule\/wp-json\/wp\/v2\/pages"}],"about":[{"href":"https:\/\/schulsprengel-sterzing3.it\/grundschule-mittelschule\/wp-json\/wp\/v2\/types\/page"}],"author":[{"embeddable":true,"href":"https:\/\/schulsprengel-sterzing3.it\/grundschule-mittelschule\/wp-json\/wp\/v2\/users\/1"}],"replies":[{"embeddable":true,"href":"https:\/\/schulsprengel-sterzing3.it\/grundschule-mittelschule\/wp-json\/wp\/v2\/comments?post=420"}],"version-history":[{"count":15,"href":"https:\/\/schulsprengel-sterzing3.it\/grundschule-mittelschule\/wp-json\/wp\/v2\/pages\/420\/revisions"}],"predecessor-version":[{"id":1510,"href":"https:\/\/schulsprengel-sterzing3.it\/grundschule-mittelschule\/wp-json\/wp\/v2\/pages\/420\/revisions\/1510"}],"up":[{"embeddable":true,"href":"https:\/\/schulsprengel-sterzing3.it\/grundschule-mittelschule\/wp-json\/wp\/v2\/pages\/860"}],"wp:attachment":[{"href":"https:\/\/schulsprengel-sterzing3.it\/grundschule-mittelschule\/wp-json\/wp\/v2\/media?parent=420"}],"curies":[{"name":"wp","href":"https:\/\/api.w.org\/{rel}","templated":true}]}}