{"id":5828,"date":"2023-10-18T15:12:51","date_gmt":"2023-10-18T13:12:51","guid":{"rendered":"https:\/\/schulsprengel-sterzing3.it\/grundschule-mittelschule\/?page_id=5828"},"modified":"2023-10-19T08:27:48","modified_gmt":"2023-10-19T06:27:48","slug":"ermaechtigungen-2020","status":"publish","type":"page","link":"https:\/\/schulsprengel-sterzing3.it\/grundschule-mittelschule\/transparente-verwaltung\/ausschreibungen-und-vertraege\/ermaechtigungen-2020\/","title":{"rendered":"Erm\u00e4chtigungen 2020"},"content":{"rendered":"<p><a href=\"https:\/\/schulsprengel-sterzing3.it\/grundschule-mittelschule\/wp-content\/uploads\/2023\/10\/01-Ermaechtigung.pdf\">01 Erm\u00e4chtigung<\/a> <a href=\"https:\/\/schulsprengel-sterzing3.it\/grundschule-mittelschule\/wp-content\/uploads\/2023\/10\/02-Ermaechtigung.pdf\">02 Erm\u00e4chtigung<\/a> <a href=\"https:\/\/schulsprengel-sterzing3.it\/grundschule-mittelschule\/wp-content\/uploads\/2023\/10\/03-Ermaechtigung.pdf\">03 Erm\u00e4chtigung<\/a> <a href=\"https:\/\/schulsprengel-sterzing3.it\/grundschule-mittelschule\/wp-content\/uploads\/2023\/10\/04-Ermaechtigung.pdf\">04 Erm\u00e4chtigung<\/a> <a href=\"https:\/\/schulsprengel-sterzing3.it\/grundschule-mittelschule\/wp-content\/uploads\/2023\/10\/05-Ermaechtigung.pdf\">05 Erm\u00e4chtigung<\/a> <a href=\"https:\/\/schulsprengel-sterzing3.it\/grundschule-mittelschule\/wp-content\/uploads\/2023\/10\/06-Ermaechtigung.pdf\">06 Erm\u00e4chtigung<\/a> <a href=\"https:\/\/schulsprengel-sterzing3.it\/grundschule-mittelschule\/wp-content\/uploads\/2023\/10\/07-Ermaechtigung.pdf\">07 Erm\u00e4chtigung<\/a> <a href=\"https:\/\/schulsprengel-sterzing3.it\/grundschule-mittelschule\/wp-content\/uploads\/2023\/10\/08-Ermaechtigung.pdf\">08 Erm\u00e4chtigung<\/a> <a href=\"https:\/\/schulsprengel-sterzing3.it\/grundschule-mittelschule\/wp-content\/uploads\/2023\/10\/09-Ermaechtigung.pdf\">09 Erm\u00e4chtigung<\/a> <a href=\"https:\/\/schulsprengel-sterzing3.it\/grundschule-mittelschule\/wp-content\/uploads\/2023\/10\/10-Ermaechtigung.pdf\">10 Erm\u00e4chtigung<\/a> <a href=\"https:\/\/schulsprengel-sterzing3.it\/grundschule-mittelschule\/wp-content\/uploads\/2023\/10\/11-Ermaechtigung.pdf\">11 Erm\u00e4chtigung<\/a> <a href=\"https:\/\/schulsprengel-sterzing3.it\/grundschule-mittelschule\/wp-content\/uploads\/2023\/10\/12-Ermaechtigung.pdf\">12 Erm\u00e4chtigung<\/a> <a href=\"https:\/\/schulsprengel-sterzing3.it\/grundschule-mittelschule\/wp-content\/uploads\/2023\/10\/13-Ermaechtigung.pdf\">13 Erm\u00e4chtigung<\/a> <a href=\"https:\/\/schulsprengel-sterzing3.it\/grundschule-mittelschule\/wp-content\/uploads\/2023\/10\/14-Ermaechtigung.pdf\">14 Erm\u00e4chtigung<\/a> <a href=\"https:\/\/schulsprengel-sterzing3.it\/grundschule-mittelschule\/wp-content\/uploads\/2023\/10\/15-Ermaechtigung.pdf\">15 Erm\u00e4chtigung<\/a> <a href=\"https:\/\/schulsprengel-sterzing3.it\/grundschule-mittelschule\/wp-content\/uploads\/2023\/10\/16-Ermaechtigung.pdf\">16 Erm\u00e4chtigung<\/a> <a href=\"https:\/\/schulsprengel-sterzing3.it\/grundschule-mittelschule\/wp-content\/uploads\/2023\/10\/17-Ermaechtigung.pdf\">17 Erm\u00e4chtigung<\/a> <a href=\"https:\/\/schulsprengel-sterzing3.it\/grundschule-mittelschule\/wp-content\/uploads\/2023\/10\/18-Ermaechtigung.pdf\">18 Erm\u00e4chtigung<\/a> <a href=\"https:\/\/schulsprengel-sterzing3.it\/grundschule-mittelschule\/wp-content\/uploads\/2023\/10\/19-Ermaechtigung.pdf\">19 Erm\u00e4chtigung<\/a> <a href=\"https:\/\/schulsprengel-sterzing3.it\/grundschule-mittelschule\/wp-content\/uploads\/2023\/10\/20-Ermaechtigung.pdf\">20 Erm\u00e4chtigung<\/a> <a href=\"https:\/\/schulsprengel-sterzing3.it\/grundschule-mittelschule\/wp-content\/uploads\/2023\/10\/21-Ermaechtigung.pdf\">21 Erm\u00e4chtigung<\/a> <a href=\"https:\/\/schulsprengel-sterzing3.it\/grundschule-mittelschule\/wp-content\/uploads\/2023\/10\/23-Ermaechtigung.pdf\">23 Erm\u00e4chtigung<\/a> <a href=\"https:\/\/schulsprengel-sterzing3.it\/grundschule-mittelschule\/wp-content\/uploads\/2023\/10\/24-Ermaechtigung.pdf\">24 Erm\u00e4chtigung<\/a> <a href=\"https:\/\/schulsprengel-sterzing3.it\/grundschule-mittelschule\/wp-content\/uploads\/2023\/10\/25-Ermaechtigung.pdf\">25 Erm\u00e4chtigung<\/a> <a href=\"https:\/\/schulsprengel-sterzing3.it\/grundschule-mittelschule\/wp-content\/uploads\/2023\/10\/26-Ermaechtigung.pdf\">26 Erm\u00e4chtigung<\/a> <a href=\"https:\/\/schulsprengel-sterzing3.it\/grundschule-mittelschule\/wp-content\/uploads\/2023\/10\/27-Ermaechtigung.pdf\">27 Erm\u00e4chtigung<\/a> <a href=\"https:\/\/schulsprengel-sterzing3.it\/grundschule-mittelschule\/wp-content\/uploads\/2023\/10\/28-Ermaechtigung.pdf\">28 Erm\u00e4chtigung<\/a> <a href=\"https:\/\/schulsprengel-sterzing3.it\/grundschule-mittelschule\/wp-content\/uploads\/2023\/10\/29-Ermaechtigung.pdf\">29 Erm\u00e4chtigung<\/a> <a href=\"https:\/\/schulsprengel-sterzing3.it\/grundschule-mittelschule\/wp-content\/uploads\/2023\/10\/30-Ermaechtigung.pdf\">30 Erm\u00e4chtigung<\/a> <a href=\"https:\/\/schulsprengel-sterzing3.it\/grundschule-mittelschule\/wp-content\/uploads\/2023\/10\/31-Ermaechtigung.pdf\">31 Erm\u00e4chtigung<\/a> <a href=\"https:\/\/schulsprengel-sterzing3.it\/grundschule-mittelschule\/wp-content\/uploads\/2023\/10\/32-Ermaechtigung.pdf\">32 Erm\u00e4chtigung<\/a> <a href=\"https:\/\/schulsprengel-sterzing3.it\/grundschule-mittelschule\/wp-content\/uploads\/2023\/10\/33-Ermaechtigung.pdf\">33 Erm\u00e4chtigung<\/a> <a href=\"https:\/\/schulsprengel-sterzing3.it\/grundschule-mittelschule\/wp-content\/uploads\/2023\/10\/34-Ermaechtigung.pdf\">34 Erm\u00e4chtigung<\/a> <a href=\"https:\/\/schulsprengel-sterzing3.it\/grundschule-mittelschule\/wp-content\/uploads\/2023\/10\/35-Ermaechtigung.pdf\">35 Erm\u00e4chtigung<\/a> <a href=\"https:\/\/schulsprengel-sterzing3.it\/grundschule-mittelschule\/wp-content\/uploads\/2023\/10\/36-Ermaechtigung.pdf\">36 Erm\u00e4chtigung<\/a> <a href=\"https:\/\/schulsprengel-sterzing3.it\/grundschule-mittelschule\/wp-content\/uploads\/2023\/10\/37-Ermaechtigung.pdf\">37 Erm\u00e4chtigung<\/a> <a href=\"https:\/\/schulsprengel-sterzing3.it\/grundschule-mittelschule\/wp-content\/uploads\/2023\/10\/38-Ermaechtigung.pdf\">38 Erm\u00e4chtigung<\/a> <a href=\"https:\/\/schulsprengel-sterzing3.it\/grundschule-mittelschule\/wp-content\/uploads\/2023\/10\/39-Ermaechtigung.pdf\">39 Erm\u00e4chtigung<\/a> <a href=\"https:\/\/schulsprengel-sterzing3.it\/grundschule-mittelschule\/wp-content\/uploads\/2023\/10\/40-Ermaechtigung.pdf\">40 Erm\u00e4chtigung<\/a> <a href=\"https:\/\/schulsprengel-sterzing3.it\/grundschule-mittelschule\/wp-content\/uploads\/2023\/10\/41-Ermaechtigung.pdf\">41 Erm\u00e4chtigung<\/a> <a href=\"https:\/\/schulsprengel-sterzing3.it\/grundschule-mittelschule\/wp-content\/uploads\/2023\/10\/42-Ermaechtigung.pdf\">42 Erm\u00e4chtigung<\/a> <a href=\"https:\/\/schulsprengel-sterzing3.it\/grundschule-mittelschule\/wp-content\/uploads\/2023\/10\/43-Ermaechtigung.pdf\">43 Erm\u00e4chtigung<\/a> <a href=\"https:\/\/schulsprengel-sterzing3.it\/grundschule-mittelschule\/wp-content\/uploads\/2023\/10\/44-Ermaechtigung.pdf\">44 Erm\u00e4chtigung<\/a> <a href=\"https:\/\/schulsprengel-sterzing3.it\/grundschule-mittelschule\/wp-content\/uploads\/2023\/10\/45-Ermaechtigung.pdf\">45 Erm\u00e4chtigung<\/a> <a href=\"https:\/\/schulsprengel-sterzing3.it\/grundschule-mittelschule\/wp-content\/uploads\/2023\/10\/46-Ermaechtigung.pdf\">46 Erm\u00e4chtigung<\/a> <a href=\"https:\/\/schulsprengel-sterzing3.it\/grundschule-mittelschule\/wp-content\/uploads\/2023\/10\/47-Ermaechtigung.pdf\">47 Erm\u00e4chtigung<\/a> <a href=\"https:\/\/schulsprengel-sterzing3.it\/grundschule-mittelschule\/wp-content\/uploads\/2023\/10\/48-Ermaechtigung.pdf\">48 Erm\u00e4chtigung<\/a> <a href=\"https:\/\/schulsprengel-sterzing3.it\/grundschule-mittelschule\/wp-content\/uploads\/2023\/10\/49-Ermaechtigung-2.pdf\">49 Erm\u00e4chtigung<\/a> <a href=\"https:\/\/schulsprengel-sterzing3.it\/grundschule-mittelschule\/wp-content\/uploads\/2023\/10\/50-Ermaechtigung.pdf\">50 Erm\u00e4chtigung<\/a> <a href=\"https:\/\/schulsprengel-sterzing3.it\/grundschule-mittelschule\/wp-content\/uploads\/2023\/10\/51-Ermaechtigung.pdf\">51 Erm\u00e4chtigung<\/a> <a href=\"https:\/\/schulsprengel-sterzing3.it\/grundschule-mittelschule\/wp-content\/uploads\/2023\/10\/52-Ermaechtigung.pdf\">52 Erm\u00e4chtigung<\/a> <a href=\"https:\/\/schulsprengel-sterzing3.it\/grundschule-mittelschule\/wp-content\/uploads\/2023\/10\/53-Ermaechtigung.pdf\">53 Erm\u00e4chtigung<\/a> <a href=\"https:\/\/schulsprengel-sterzing3.it\/grundschule-mittelschule\/wp-content\/uploads\/2023\/10\/54-Ermaechtigung.pdf\">54 Erm\u00e4chtigung<\/a> <a href=\"https:\/\/schulsprengel-sterzing3.it\/grundschule-mittelschule\/wp-content\/uploads\/2023\/10\/55-Ermaechtigung.pdf\">55 Erm\u00e4chtigung<\/a> <a href=\"https:\/\/schulsprengel-sterzing3.it\/grundschule-mittelschule\/wp-content\/uploads\/2023\/10\/56-Ermaechtigung.pdf\">56 Erm\u00e4chtigung<\/a> <a href=\"https:\/\/schulsprengel-sterzing3.it\/grundschule-mittelschule\/wp-content\/uploads\/2023\/10\/57-Ermaechtigung.pdf\">57 Erm\u00e4chtigung<\/a> <a href=\"https:\/\/schulsprengel-sterzing3.it\/grundschule-mittelschule\/wp-content\/uploads\/2023\/10\/58-Ermaechtigung.pdf\">58 Erm\u00e4chtigung<\/a> <a href=\"https:\/\/schulsprengel-sterzing3.it\/grundschule-mittelschule\/wp-content\/uploads\/2023\/10\/59-Ermaechtigung.pdf\">59 Erm\u00e4chtigung<\/a> <a href=\"https:\/\/schulsprengel-sterzing3.it\/grundschule-mittelschule\/wp-content\/uploads\/2023\/10\/60-Ermaechtigung.pdf\">60 Erm\u00e4chtigung<\/a> <a href=\"https:\/\/schulsprengel-sterzing3.it\/grundschule-mittelschule\/wp-content\/uploads\/2023\/10\/61-Ermaechtigung.pdf\">61 Erm\u00e4chtigung<\/a> <a href=\"https:\/\/schulsprengel-sterzing3.it\/grundschule-mittelschule\/wp-content\/uploads\/2023\/10\/62-Ermaechtigung.pdf\">62 Erm\u00e4chtigung<\/a> <a href=\"https:\/\/schulsprengel-sterzing3.it\/grundschule-mittelschule\/wp-content\/uploads\/2023\/10\/63-Ermaechtigung.pdf\">63 Erm\u00e4chtigung<\/a> <a href=\"https:\/\/schulsprengel-sterzing3.it\/grundschule-mittelschule\/wp-content\/uploads\/2023\/10\/64-Ermaechtigung.pdf\">64 Erm\u00e4chtigung<\/a> <a href=\"https:\/\/schulsprengel-sterzing3.it\/grundschule-mittelschule\/wp-content\/uploads\/2023\/10\/65-Ermaechtigung.pdf\">65 Erm\u00e4chtigung<\/a> <a href=\"https:\/\/schulsprengel-sterzing3.it\/grundschule-mittelschule\/wp-content\/uploads\/2023\/10\/66-Ermaechtigung.pdf\">66 Erm\u00e4chtigung<\/a> <a href=\"https:\/\/schulsprengel-sterzing3.it\/grundschule-mittelschule\/wp-content\/uploads\/2023\/10\/67-Ermaechtigung.pdf\">67 Erm\u00e4chtigung<\/a> <a href=\"https:\/\/schulsprengel-sterzing3.it\/grundschule-mittelschule\/wp-content\/uploads\/2023\/10\/68-Ermaechtigung.pdf\">68 Erm\u00e4chtigung<\/a> <a href=\"https:\/\/schulsprengel-sterzing3.it\/grundschule-mittelschule\/wp-content\/uploads\/2023\/10\/69-Ermaechtigung.pdf\">69 Erm\u00e4chtigung<\/a> <a href=\"https:\/\/schulsprengel-sterzing3.it\/grundschule-mittelschule\/wp-content\/uploads\/2023\/10\/70-Ermaechtigung.pdf\">70 Erm\u00e4chtigung<\/a> <a href=\"https:\/\/schulsprengel-sterzing3.it\/grundschule-mittelschule\/wp-content\/uploads\/2023\/10\/71-Ermaechtigung.pdf\">71 Erm\u00e4chtigung<\/a> <a href=\"https:\/\/schulsprengel-sterzing3.it\/grundschule-mittelschule\/wp-content\/uploads\/2023\/10\/72-Ermaechtigung.pdf\">72 Erm\u00e4chtigung<\/a> <a href=\"https:\/\/schulsprengel-sterzing3.it\/grundschule-mittelschule\/wp-content\/uploads\/2023\/10\/73-Ermaechtigung.pdf\">73 Erm\u00e4chtigung<\/a> <a href=\"https:\/\/schulsprengel-sterzing3.it\/grundschule-mittelschule\/wp-content\/uploads\/2023\/10\/74-Ermaechtigung.pdf\">74 Erm\u00e4chtigung<\/a> <a href=\"https:\/\/schulsprengel-sterzing3.it\/grundschule-mittelschule\/wp-content\/uploads\/2023\/10\/75-Ermaechtigung.pdf\">75 Erm\u00e4chtigung<\/a> <a href=\"https:\/\/schulsprengel-sterzing3.it\/grundschule-mittelschule\/wp-content\/uploads\/2023\/10\/76-Ermaechtigung.pdf\">76 Erm\u00e4chtigung<\/a> <a href=\"https:\/\/schulsprengel-sterzing3.it\/grundschule-mittelschule\/wp-content\/uploads\/2023\/10\/77-Ermaechtigung.pdf\">77 Erm\u00e4chtigung<\/a> <a href=\"https:\/\/schulsprengel-sterzing3.it\/grundschule-mittelschule\/wp-content\/uploads\/2023\/10\/78-Ermaechtiugng.pdf\">78 Erm\u00e4chtiugng<\/a> <a href=\"https:\/\/schulsprengel-sterzing3.it\/grundschule-mittelschule\/wp-content\/uploads\/2023\/10\/79-Ermaechtigung.pdf\">79 Erm\u00e4chtigung<\/a> <a href=\"https:\/\/schulsprengel-sterzing3.it\/grundschule-mittelschule\/wp-content\/uploads\/2023\/10\/80-Ermaechtigung.pdf\">80 Erm\u00e4chtigung<\/a> <a href=\"https:\/\/schulsprengel-sterzing3.it\/grundschule-mittelschule\/wp-content\/uploads\/2023\/10\/81-Ermaechtigung.pdf\">81 Erm\u00e4chtigung<\/a> <a href=\"https:\/\/schulsprengel-sterzing3.it\/grundschule-mittelschule\/wp-content\/uploads\/2023\/10\/82-Ermaechtigung.pdf\">82 Erm\u00e4chtigung<\/a> <a href=\"https:\/\/schulsprengel-sterzing3.it\/grundschule-mittelschule\/wp-content\/uploads\/2023\/10\/83-Ermaechtigung.pdf\">83 Erm\u00e4chtigung<\/a> <a href=\"https:\/\/schulsprengel-sterzing3.it\/grundschule-mittelschule\/wp-content\/uploads\/2023\/10\/84-Ermaechtigung.pdf\">84 Erm\u00e4chtigung<\/a> <a href=\"https:\/\/schulsprengel-sterzing3.it\/grundschule-mittelschule\/wp-content\/uploads\/2023\/10\/85-Ermaechtigung.pdf\">85 Erm\u00e4chtigung<\/a> <a href=\"https:\/\/schulsprengel-sterzing3.it\/grundschule-mittelschule\/wp-content\/uploads\/2023\/10\/86-Ermaechtigung.pdf\">86 Erm\u00e4chtigung<\/a> <a href=\"https:\/\/schulsprengel-sterzing3.it\/grundschule-mittelschule\/wp-content\/uploads\/2023\/10\/87-Ermaechtigung.pdf\">87 Erm\u00e4chtigung<\/a> <a href=\"https:\/\/schulsprengel-sterzing3.it\/grundschule-mittelschule\/wp-content\/uploads\/2023\/10\/88-Ermaechtigung.pdf\">88 Erm\u00e4chtigung<\/a> <a href=\"https:\/\/schulsprengel-sterzing3.it\/grundschule-mittelschule\/wp-content\/uploads\/2023\/10\/89-Ermaechtigung.pdf\">89 Erm\u00e4chtigung<\/a> <a href=\"https:\/\/schulsprengel-sterzing3.it\/grundschule-mittelschule\/wp-content\/uploads\/2023\/10\/90-Ermaechtigung.pdf\">90 Erm\u00e4chtigung<\/a> <a href=\"https:\/\/schulsprengel-sterzing3.it\/grundschule-mittelschule\/wp-content\/uploads\/2023\/10\/91-Ermaechtigung.pdf\">91 Erm\u00e4chtigung<\/a> <a href=\"https:\/\/schulsprengel-sterzing3.it\/grundschule-mittelschule\/wp-content\/uploads\/2023\/10\/92-Ermaechtigung.pdf\">92 Erm\u00e4chtigung<\/a> <a href=\"https:\/\/schulsprengel-sterzing3.it\/grundschule-mittelschule\/wp-content\/uploads\/2023\/10\/93-Ermaechtigung.pdf\">93 Erm\u00e4chtigung<\/a> <a href=\"https:\/\/schulsprengel-sterzing3.it\/grundschule-mittelschule\/wp-content\/uploads\/2023\/10\/94-Ermaechtigung.pdf\">94 Erm\u00e4chtigung<\/a> <a href=\"https:\/\/schulsprengel-sterzing3.it\/grundschule-mittelschule\/wp-content\/uploads\/2023\/10\/95-Ermaechtigung.pdf\">95 Erm\u00e4chtigung<\/a> <a href=\"https:\/\/schulsprengel-sterzing3.it\/grundschule-mittelschule\/wp-content\/uploads\/2023\/10\/96-Ermaechtigung.pdf\">96 Erm\u00e4chtigung<\/a> <a href=\"https:\/\/schulsprengel-sterzing3.it\/grundschule-mittelschule\/wp-content\/uploads\/2023\/10\/97-Ermaechtigung.pdf\">97 Erm\u00e4chtigung<\/a> <a href=\"https:\/\/schulsprengel-sterzing3.it\/grundschule-mittelschule\/wp-content\/uploads\/2023\/10\/98-Ermaechtigung.pdf\">98 Erm\u00e4chtigung<\/a> <a href=\"https:\/\/schulsprengel-sterzing3.it\/grundschule-mittelschule\/wp-content\/uploads\/2023\/10\/99-Ermaechtigung.pdf\">99 Erm\u00e4chtigung<\/a> <a href=\"https:\/\/schulsprengel-sterzing3.it\/grundschule-mittelschule\/wp-content\/uploads\/2023\/10\/100-Ermaechtigung.pdf\">100 Erm\u00e4chtigung<\/a> <a href=\"https:\/\/schulsprengel-sterzing3.it\/grundschule-mittelschule\/wp-content\/uploads\/2023\/10\/101-Ermaechtigung.pdf\">101 Erm\u00e4chtigung<\/a> <a href=\"https:\/\/schulsprengel-sterzing3.it\/grundschule-mittelschule\/wp-content\/uploads\/2023\/10\/102-Ermaechtigung.pdf\">102 Erm\u00e4chtigung<\/a> <a href=\"https:\/\/schulsprengel-sterzing3.it\/grundschule-mittelschule\/wp-content\/uploads\/2023\/10\/103-Ermaechtigung.pdf\">103 Erm\u00e4chtigung<\/a> <a href=\"https:\/\/schulsprengel-sterzing3.it\/grundschule-mittelschule\/wp-content\/uploads\/2023\/10\/104-Ermaechtigung.pdf\">104 Erm\u00e4chtigung<\/a> <a href=\"https:\/\/schulsprengel-sterzing3.it\/grundschule-mittelschule\/wp-content\/uploads\/2023\/10\/105-Ermaechtigung.pdf\">105 Erm\u00e4chtigung<\/a> <a href=\"https:\/\/schulsprengel-sterzing3.it\/grundschule-mittelschule\/wp-content\/uploads\/2023\/10\/106-Ermaechtigung.pdf\">106 Erm\u00e4chtigung<\/a> <a href=\"https:\/\/schulsprengel-sterzing3.it\/grundschule-mittelschule\/wp-content\/uploads\/2023\/10\/107-Ermaechtigung.pdf\">107 Erm\u00e4chtigung<\/a> <a href=\"https:\/\/schulsprengel-sterzing3.it\/grundschule-mittelschule\/wp-content\/uploads\/2023\/10\/108-Ermaechtigung.pdf\">108 Erm\u00e4chtigung<\/a> <a href=\"https:\/\/schulsprengel-sterzing3.it\/grundschule-mittelschule\/wp-content\/uploads\/2023\/10\/109-Ermaechtigung.pdf\">109 Erm\u00e4chtigung<\/a> <a href=\"https:\/\/schulsprengel-sterzing3.it\/grundschule-mittelschule\/wp-content\/uploads\/2023\/10\/110-Ermaechtigung.pdf\">110 Erm\u00e4chtigung<\/a> <a href=\"https:\/\/schulsprengel-sterzing3.it\/grundschule-mittelschule\/wp-content\/uploads\/2023\/10\/111-Ermaechtigung.pdf\">111 Erm\u00e4chtigung<\/a> <a href=\"https:\/\/schulsprengel-sterzing3.it\/grundschule-mittelschule\/wp-content\/uploads\/2023\/10\/112-Ermaechtigung.pdf\">112 Erm\u00e4chtigung<\/a> <a href=\"https:\/\/schulsprengel-sterzing3.it\/grundschule-mittelschule\/wp-content\/uploads\/2023\/10\/113-Ermaechtigung.pdf\">113 Erm\u00e4chtigung<\/a> <a href=\"https:\/\/schulsprengel-sterzing3.it\/grundschule-mittelschule\/wp-content\/uploads\/2023\/10\/114-Ermaechtigung.pdf\">114 Erm\u00e4chtigung<\/a> <a href=\"https:\/\/schulsprengel-sterzing3.it\/grundschule-mittelschule\/wp-content\/uploads\/2023\/10\/115-Ermaechtigung.pdf\">115 Erm\u00e4chtigung<\/a> <a href=\"https:\/\/schulsprengel-sterzing3.it\/grundschule-mittelschule\/wp-content\/uploads\/2023\/10\/116-Ermaechtigung.pdf\">116 Erm\u00e4chtigung<\/a> <a href=\"https:\/\/schulsprengel-sterzing3.it\/grundschule-mittelschule\/wp-content\/uploads\/2023\/10\/117-Ermaechtigung.pdf\">117 Erm\u00e4chtigung<\/a> <a href=\"https:\/\/schulsprengel-sterzing3.it\/grundschule-mittelschule\/wp-content\/uploads\/2023\/10\/118-Ermaechtigung.pdf\">118 Erm\u00e4chtigung<\/a> <a href=\"https:\/\/schulsprengel-sterzing3.it\/grundschule-mittelschule\/wp-content\/uploads\/2023\/10\/119-Ermaechtigung.pdf\">119 Erm\u00e4chtigung<\/a> <a href=\"https:\/\/schulsprengel-sterzing3.it\/grundschule-mittelschule\/wp-content\/uploads\/2023\/10\/120-Ermaechtigung.pdf\">120 Erm\u00e4chtigung<\/a> <a href=\"https:\/\/schulsprengel-sterzing3.it\/grundschule-mittelschule\/wp-content\/uploads\/2023\/10\/121-Ermaechtigung.pdf\">121 Erm\u00e4chtigung<\/a> <a href=\"https:\/\/schulsprengel-sterzing3.it\/grundschule-mittelschule\/wp-content\/uploads\/2023\/10\/122-Ermaechtigung.pdf\">122 Erm\u00e4chtigung<\/a> <a href=\"https:\/\/schulsprengel-sterzing3.it\/grundschule-mittelschule\/wp-content\/uploads\/2023\/10\/123-Ermaechtigung.pdf\">123 Erm\u00e4chtigung<\/a> <a href=\"https:\/\/schulsprengel-sterzing3.it\/grundschule-mittelschule\/wp-content\/uploads\/2023\/10\/124-Ermaechtigung.pdf\">124 Erm\u00e4chtigung<\/a><\/p>\n","protected":false},"excerpt":{"rendered":"<p>01 Erm\u00e4chtigung 02 Erm\u00e4chtigung 03 Erm\u00e4chtigung 04 Erm\u00e4chtigung 05 Erm\u00e4chtigung 06 Erm\u00e4chtigung 07 Erm\u00e4chtigung 08 Erm\u00e4chtigung 09 Erm\u00e4chtigung 10 Erm\u00e4chtigung 11 Erm\u00e4chtigung 12 Erm\u00e4chtigung 13 Erm\u00e4chtigung 14 Erm\u00e4chtigung 15 Erm\u00e4chtigung 16 Erm\u00e4chtigung 17 Erm\u00e4chtigung 18 Erm\u00e4chtigung 19 Erm\u00e4chtigung 20 Erm\u00e4chtigung 21 Erm\u00e4chtigung 23 Erm\u00e4chtigung 24 Erm\u00e4chtigung 25 Erm\u00e4chtigung 26 Erm\u00e4chtigung 27 Erm\u00e4chtigung 28 Erm\u00e4chtigung 29 [&hellip;]<\/p>\n","protected":false},"author":1,"featured_media":0,"parent":1514,"menu_order":0,"comment_status":"closed","ping_status":"closed","template":"","meta":{"footnotes":""},"class_list":["post-5828","page","type-page","status-publish","hentry"],"_links":{"self":[{"href":"https:\/\/schulsprengel-sterzing3.it\/grundschule-mittelschule\/wp-json\/wp\/v2\/pages\/5828","targetHints":{"allow":["GET"]}}],"collection":[{"href":"https:\/\/schulsprengel-sterzing3.it\/grundschule-mittelschule\/wp-json\/wp\/v2\/pages"}],"about":[{"href":"https:\/\/schulsprengel-sterzing3.it\/grundschule-mittelschule\/wp-json\/wp\/v2\/types\/page"}],"author":[{"embeddable":true,"href":"https:\/\/schulsprengel-sterzing3.it\/grundschule-mittelschule\/wp-json\/wp\/v2\/users\/1"}],"replies":[{"embeddable":true,"href":"https:\/\/schulsprengel-sterzing3.it\/grundschule-mittelschule\/wp-json\/wp\/v2\/comments?post=5828"}],"version-history":[{"count":2,"href":"https:\/\/schulsprengel-sterzing3.it\/grundschule-mittelschule\/wp-json\/wp\/v2\/pages\/5828\/revisions"}],"predecessor-version":[{"id":6052,"href":"https:\/\/schulsprengel-sterzing3.it\/grundschule-mittelschule\/wp-json\/wp\/v2\/pages\/5828\/revisions\/6052"}],"up":[{"embeddable":true,"href":"https:\/\/schulsprengel-sterzing3.it\/grundschule-mittelschule\/wp-json\/wp\/v2\/pages\/1514"}],"wp:attachment":[{"href":"https:\/\/schulsprengel-sterzing3.it\/grundschule-mittelschule\/wp-json\/wp\/v2\/media?parent=5828"}],"curies":[{"name":"wp","href":"https:\/\/api.w.org\/{rel}","templated":true}]}}