{"id":5830,"date":"2023-10-18T15:13:16","date_gmt":"2023-10-18T13:13:16","guid":{"rendered":"https:\/\/schulsprengel-sterzing3.it\/grundschule-mittelschule\/?page_id=5830"},"modified":"2023-10-19T07:58:48","modified_gmt":"2023-10-19T05:58:48","slug":"ermaechtigungen-2019","status":"publish","type":"page","link":"https:\/\/schulsprengel-sterzing3.it\/grundschule-mittelschule\/transparente-verwaltung\/ausschreibungen-und-vertraege\/ermaechtigungen-2019\/","title":{"rendered":"Erm\u00e4chtigungen 2019"},"content":{"rendered":"<p><a href=\"https:\/\/schulsprengel-sterzing3.it\/grundschule-mittelschule\/wp-content\/uploads\/2023\/10\/01-Ermaechtigung-Tinkhasuer-VM-Mauls-1.pdf\">01 Erm\u00e4chtigung <\/a>\u00a0<a href=\"https:\/\/schulsprengel-sterzing3.it\/grundschule-mittelschule\/wp-content\/uploads\/2023\/10\/02-Ermaechtigung-Weger-Religionsbuecher-1.pdf\">02 Erm\u00e4chtigung<\/a><a href=\"https:\/\/schulsprengel-sterzing3.it\/grundschule-mittelschule\/wp-content\/uploads\/2023\/10\/03-Ermaechtigung-Loeff-VM-GS-Kematen-1.pdf\">03 Erm\u00e4chtigung <\/a>\u00a0<a href=\"https:\/\/schulsprengel-sterzing3.it\/grundschule-mittelschule\/wp-content\/uploads\/2023\/10\/04-Ermaechtigung-Arch-Play-VM-GS-St.-Jakob-1.pdf\">04 Erm\u00e4chtigung <\/a>\u00a0<a href=\"https:\/\/schulsprengel-sterzing3.it\/grundschule-mittelschule\/wp-content\/uploads\/2023\/10\/05-Ermaechtigung-Graus-Agrar-VM-GS-Trens-1.pdf\">05 Erm\u00e4chtigung <\/a>\u00a0<a href=\"https:\/\/schulsprengel-sterzing3.it\/grundschule-mittelschule\/wp-content\/uploads\/2023\/10\/06-Ermaechtigung-Opitec-VM-GS-Trens-1.pdf\">06 Erm\u00e4chtigung <\/a>\u00a0<a href=\"https:\/\/schulsprengel-sterzing3.it\/grundschule-mittelschule\/wp-content\/uploads\/2023\/10\/07-Ermaechtigung-Campus-LM-GS-Trens-1.pdf\">07 Erm\u00e4chtigung <\/a><a href=\"https:\/\/schulsprengel-sterzing3.it\/grundschule-mittelschule\/wp-content\/uploads\/2023\/10\/08-Ermaechtigung-Spaggiari-Klassenregister-1.pdf\">08 Erm\u00e4chtigung <\/a>\u00a0<a href=\"https:\/\/schulsprengel-sterzing3.it\/grundschule-mittelschule\/wp-content\/uploads\/2023\/10\/09-Ermaechtigung-Tinkhauser-Toner-Sommer-1.pdf\">09 Erm\u00e4chtigung <\/a><a href=\"https:\/\/schulsprengel-sterzing3.it\/grundschule-mittelschule\/wp-content\/uploads\/2023\/10\/10-Ermaechtigung-Weger-LM-Sommer-GS-Wiesen-1.pdf\">10 Erm\u00e4chtigung <\/a>\u00a0<a href=\"https:\/\/schulsprengel-sterzing3.it\/grundschule-mittelschule\/wp-content\/uploads\/2023\/10\/11-Ermaechtigung-Weger-LM-Somme-GS-Kematen-1.pdf\">11 Erm\u00e4chtigung <\/a>\u00a0<a href=\"https:\/\/schulsprengel-sterzing3.it\/grundschule-mittelschule\/wp-content\/uploads\/2023\/10\/12-Ermaechtigung-Weger-LM-Alternativ-Sommer-GS-Mauls-1.pdf\">12 Erm\u00e4chtigung <\/a><a href=\"https:\/\/schulsprengel-sterzing3.it\/grundschule-mittelschule\/wp-content\/uploads\/2023\/10\/13-Ermaechtigung-Weger-LM-Alternativ-Sommer-GS-Trens-1.pdf\">13 Erm\u00e4chtigung <\/a><a href=\"https:\/\/schulsprengel-sterzing3.it\/grundschule-mittelschule\/wp-content\/uploads\/2023\/10\/14-Ermaechtigung-Weger-LM-Alternativ-Sommer-GS-Stilfes-1.pdf\">14 Erm\u00e4chtigung <\/a><a href=\"https:\/\/schulsprengel-sterzing3.it\/grundschule-mittelschule\/wp-content\/uploads\/2023\/10\/15-Ermaechtigung-Athesia-LM-Sommer-Alternativ-GS-St.-Jakob-1.pdf\">15 Erm\u00e4chtigung <\/a>\u00a0<a href=\"https:\/\/schulsprengel-sterzing3.it\/grundschule-mittelschule\/wp-content\/uploads\/2023\/10\/16-Ermaechtigung-Graus-Agrar-VM-GS-Mauls-1.pdf\">16 Erm\u00e4chtigung <\/a>\u00a0<a href=\"https:\/\/schulsprengel-sterzing3.it\/grundschule-mittelschule\/wp-content\/uploads\/2023\/10\/17-Ermaechtigung-Graus-Agrar-VM-GS-Stilfes-1.pdf\">17 Erm\u00e4chtigung \u00a0<\/a><a href=\"https:\/\/schulsprengel-sterzing3.it\/grundschule-mittelschule\/wp-content\/uploads\/2023\/10\/18-Ermaechtigung-Graus-Agrar-VM-GS-Wiesen-1.pdf\">18 Erm\u00e4chtigung <\/a>\u00a0<a href=\"https:\/\/schulsprengel-sterzing3.it\/grundschule-mittelschule\/wp-content\/uploads\/2023\/10\/19-Ermaechtigung-Athesia-Nachbestellung-Schulbuecher-Wiesen-und-Trens-1.pdf\">19 Erm\u00e4chtigung <\/a><a href=\"https:\/\/schulsprengel-sterzing3.it\/grundschule-mittelschule\/wp-content\/uploads\/2023\/10\/20-Ermaechtigung-Artigraf-Lehrerregister-MS-1.pdf\">20 Erm\u00e4chtigung <\/a>\u00a0<a href=\"https:\/\/schulsprengel-sterzing3.it\/grundschule-mittelschule\/wp-content\/uploads\/2023\/10\/21-Ermaechtigung-Tinkhauser-WC-Papier-ecc.-1.pdf\">21 Erm\u00e4chtigung <\/a>\u00a0<a href=\"https:\/\/schulsprengel-sterzing3.it\/grundschule-mittelschule\/wp-content\/uploads\/2023\/10\/22-Ermaechtigung-Castiglioni-Gitzl-Kopierpapier-1.pdf\">22 Erm\u00e4chtigung <\/a>\u00a0<a href=\"https:\/\/schulsprengel-sterzing3.it\/grundschule-mittelschule\/wp-content\/uploads\/2023\/10\/23-Ermaechtigung-S.E.T.A.-Alto-Adige-1.pdf\">23 Erm\u00e4chtigung <\/a>\u00a0<a href=\"https:\/\/schulsprengel-sterzing3.it\/grundschule-mittelschule\/wp-content\/uploads\/2023\/10\/24-Ermaechtigung-Athesia-Druck-Dolomiten-1.pdf\">24 Erm\u00e4chtigung <\/a>\u00a0<a href=\"https:\/\/schulsprengel-sterzing3.it\/grundschule-mittelschule\/wp-content\/uploads\/2023\/10\/25-Ermaechtigung-Castiglioni-Gitzl-Kopiermaschine-GS-St.-Jakob-1.pdf\">25 Erm\u00e4chtigung <\/a><a href=\"https:\/\/schulsprengel-sterzing3.it\/grundschule-mittelschule\/wp-content\/uploads\/2023\/10\/26-Ermaechtigung-Tageszeitung-1.pdf\">26 Erm\u00e4chtigung <\/a>\u00a0<a href=\"https:\/\/schulsprengel-sterzing3.it\/grundschule-mittelschule\/wp-content\/uploads\/2023\/10\/27-Ermaechtigung-Eintritte-Schwimmbad-1.pdf\">27 Erm\u00e4chtigung <\/a>\u00a0<a href=\"https:\/\/schulsprengel-sterzing3.it\/grundschule-mittelschule\/wp-content\/uploads\/2023\/10\/28-Ermaechtigung-Schwimmkurse-Wiesen-St.-Jakob-Trens-1.pdf\">28 Erm\u00e4chtigung <\/a>\u00a0<a href=\"https:\/\/schulsprengel-sterzing3.it\/grundschule-mittelschule\/wp-content\/uploads\/2023\/10\/29-Ermaechtigung-Archimedes-Tischtennisschlaeger-1.pdf\">29 Erm\u00e4chtigung <\/a>\u00a0<a href=\"https:\/\/schulsprengel-sterzing3.it\/grundschule-mittelschule\/wp-content\/uploads\/2023\/10\/30-Ermaechtigung-Schachbrett-mit-Zubehoer-1.pdf\">30 Erm\u00e4chtigung <\/a>\u00a0<a href=\"https:\/\/schulsprengel-sterzing3.it\/grundschule-mittelschule\/wp-content\/uploads\/2023\/10\/31-Ermaechtigung-Weger-LM-Italienisch-1.pdf\">31 Erm\u00e4chtigung <\/a>\u00a0<a href=\"https:\/\/schulsprengel-sterzing3.it\/grundschule-mittelschule\/wp-content\/uploads\/2023\/10\/32-Ermaechtigung-Tinkhauser-Laminiergeraet-1.pdf\">32 Erm\u00e4chtigung <\/a>\u00a0<a href=\"https:\/\/schulsprengel-sterzing3.it\/grundschule-mittelschule\/wp-content\/uploads\/2023\/10\/33-Ermaechtigung-Weger-VM-Integration-1.pdf\">33 Erm\u00e4chtigung<\/a>\u00a0<a href=\"https:\/\/schulsprengel-sterzing3.it\/grundschule-mittelschule\/wp-content\/uploads\/2023\/10\/34-Ermaechtigung-Castiglioni-Toner-GS-St.-Jakob-1.pdf\">34 Erm\u00e4chtigung <\/a><a href=\"https:\/\/schulsprengel-sterzing3.it\/grundschule-mittelschule\/wp-content\/uploads\/2023\/10\/35-Ermaechtigung-Putzer-VM-Technik-1.pdf\">35 Erm\u00e4chtigung <\/a>\u00a0<a href=\"https:\/\/schulsprengel-sterzing3.it\/grundschule-mittelschule\/wp-content\/uploads\/2023\/10\/36-Ermaechtigung-Gehoerschutz-Bacher-MIchael-1.pdf\">36 Erm\u00e4chtigung <\/a><a href=\"https:\/\/schulsprengel-sterzing3.it\/grundschule-mittelschule\/wp-content\/uploads\/2023\/10\/37-Ermaechtigung-Erste-Hilfe-Artikel-1.pdf\">37 Erm\u00e4chtigung <\/a>\u00a0<a href=\"https:\/\/schulsprengel-sterzing3.it\/grundschule-mittelschule\/wp-content\/uploads\/2023\/10\/38-Ermaechtigung-Tinkhauser-Flipchard-Zubehoer-1.pdf\">38 Erm\u00e4chtigung <\/a>\u00a0<a href=\"https:\/\/schulsprengel-sterzing3.it\/grundschule-mittelschule\/wp-content\/uploads\/2023\/10\/39-Ermaechtigung-Rainer-Eisenwarenhandlung-Technik-1.pdf\">39 Erm\u00e4chtigung <\/a><a href=\"https:\/\/schulsprengel-sterzing3.it\/grundschule-mittelschule\/wp-content\/uploads\/2023\/10\/41-Ermaechtigung-Tinkhauser-VM-Schulbedarf-Verwaltung-1.pdf\">41 Erm\u00e4chtigung <\/a>\u00a0<a href=\"https:\/\/schulsprengel-sterzing3.it\/grundschule-mittelschule\/wp-content\/uploads\/2023\/10\/42-Ermaechtigung-Siller-Sieglinde-1.pdf\">42 Erm\u00e4chtigung <\/a>\u00a0<a href=\"https:\/\/schulsprengel-sterzing3.it\/grundschule-mittelschule\/wp-content\/uploads\/2023\/10\/43-Ermaechtigung-Gruber-Franz-SSD-Karten-1.pdf\">43 Erm\u00e4chtigung\u00a0 44<\/a><a href=\"https:\/\/schulsprengel-sterzing3.it\/grundschule-mittelschule\/wp-content\/uploads\/2023\/10\/44-Ermaechtigung-Pfiff-Toys-1.pdf\"> Erm\u00e4chtigung <\/a>\u00a0<a href=\"https:\/\/schulsprengel-sterzing3.it\/grundschule-mittelschule\/wp-content\/uploads\/2023\/10\/45-Ermaechtigung-Pro-Musica-1.pdf\">45 Erm\u00e4chtigung <\/a><a href=\"https:\/\/schulsprengel-sterzing3.it\/grundschule-mittelschule\/wp-content\/uploads\/2023\/10\/46-Ermaechtigung-Archimedes-GS-Wiesen-und-FG-Mathe-MS-1.pdf\">46 Erm\u00e4chtigung <\/a>\u00a0<a href=\"https:\/\/schulsprengel-sterzing3.it\/grundschule-mittelschule\/wp-content\/uploads\/2023\/10\/47-Ermaechtigung-LM-Integration-GS-Trens-1.pdf\">47 Erm\u00e4chtigung <\/a>\u00a0<a href=\"https:\/\/schulsprengel-sterzing3.it\/grundschule-mittelschule\/wp-content\/uploads\/2023\/10\/48-Ermaechtigung-EMP-Kopfhoerer-1.pdf\">48 Erm\u00e4chtigung <\/a>\u00a0<a href=\"https:\/\/schulsprengel-sterzing3.it\/grundschule-mittelschule\/wp-content\/uploads\/2023\/10\/49-Ermaechtigung-1.pdf\">49 Erm\u00e4chtigung<\/a> <a href=\"https:\/\/schulsprengel-sterzing3.it\/grundschule-mittelschule\/wp-content\/uploads\/2023\/10\/50-Ermaechtigung-Athesia-LM-versch.-FG-1.pdf\">50 Erm\u00e4chtigung <\/a><a href=\"https:\/\/schulsprengel-sterzing3.it\/grundschule-mittelschule\/wp-content\/uploads\/2023\/10\/51-Ermaeachtigung-Rainer-Eisenwarenhandlung-Technik-1.pdf\">51 Erm\u00e4chtigung\u00a0 Technik<\/a> <a href=\"https:\/\/schulsprengel-sterzing3.it\/grundschule-mittelschule\/wp-content\/uploads\/2023\/10\/52-Ermaechtigung-Graus-Agrar-VM-GS-Trens-Kunsttraeume-1.pdf\">52 Erm\u00e4chtigung <\/a>\u00a0<a href=\"https:\/\/schulsprengel-sterzing3.it\/grundschule-mittelschule\/wp-content\/uploads\/2023\/10\/53-Ermaechtigung-Opitec-VM-GS-Wiesen-1.pdf\">53 Erm\u00e4chtigung <\/a><a href=\"https:\/\/schulsprengel-sterzing3.it\/grundschule-mittelschule\/wp-content\/uploads\/2023\/10\/54-Ermaechtigung-Graus-Agrar-VM-GS-Wiesen-1.pdf\">54 Erm\u00e4chtigung <\/a><a href=\"https:\/\/schulsprengel-sterzing3.it\/grundschule-mittelschule\/wp-content\/uploads\/2023\/10\/55-Ermaechtigung-ABO-FF-Media-1.pdf\">55 Erm\u00e4chtigung <\/a>\u00a0<a href=\"https:\/\/schulsprengel-sterzing3.it\/grundschule-mittelschule\/wp-content\/uploads\/2023\/10\/56-Ermaechtigung-ABO-Die-Neue-Suedt.-Tageszeitung-1.pdf\">56 Erm\u00e4chtigung<\/a><a href=\"https:\/\/schulsprengel-sterzing3.it\/grundschule-mittelschule\/wp-content\/uploads\/2023\/10\/57-Ermaechtigung-ABO-Alto-Adige-1.pdf\">57 Erm\u00e4chtigung<\/a>\u00a0<a href=\"https:\/\/schulsprengel-sterzing3.it\/grundschule-mittelschule\/wp-content\/uploads\/2023\/10\/58-Ermaechtigung-ABO-Athesia-1.pdf\">58 Erm\u00e4chtigung <\/a><a href=\"https:\/\/schulsprengel-sterzing3.it\/grundschule-mittelschule\/wp-content\/uploads\/2023\/10\/59-Ermaechtigung-Wipptal-Reisen-Skitag-Wiesen-Trens-1.pdf\">59 Erm\u00e4chtigung <\/a>\u00a0<a href=\"https:\/\/schulsprengel-sterzing3.it\/grundschule-mittelschule\/wp-content\/uploads\/2023\/10\/60-Ermaechtigung-Skischule-Sterzing-1.pdf\">60 Erm\u00e4chtigung <\/a>\u00a0<a href=\"https:\/\/schulsprengel-sterzing3.it\/grundschule-mittelschule\/wp-content\/uploads\/2023\/10\/61-Ermaechtigung-Tinkhauser-Drucker-GS-St.-Jakob-1.pdf\">61 Erm\u00e4chtigung b<\/a> <a href=\"https:\/\/schulsprengel-sterzing3.it\/grundschule-mittelschule\/wp-content\/uploads\/2023\/10\/62-Ernaechtigung-Athesia-ABOs-2020-1.pdf\">62 Ern\u00e4chtigung <\/a><a href=\"https:\/\/schulsprengel-sterzing3.it\/grundschule-mittelschule\/wp-content\/uploads\/2023\/10\/63-Ernaechtigung-Mohr-Naehmaschinen-1.pdf\">63 Ern\u00e4chtigung <\/a><a href=\"https:\/\/schulsprengel-sterzing3.it\/grundschule-mittelschule\/wp-content\/uploads\/2023\/10\/64-Ermaechtigung-Opitec-VM-Kunsterziehung-1.pdf\">64 Erm\u00e4chtigung<\/a>\u00a0<a href=\"https:\/\/schulsprengel-sterzing3.it\/grundschule-mittelschule\/wp-content\/uploads\/2023\/10\/65-Ernaechtigung-Graus-Agrar-VM-Kunsterziehung-1.pdf\">65 Ern\u00e4chtigung <\/a><a href=\"https:\/\/schulsprengel-sterzing3.it\/grundschule-mittelschule\/wp-content\/uploads\/2023\/10\/66-Ermaechtigung-Arch-Play-VM-GS-Wiesen-1.pdf\">66 Erm\u00e4chtigung <\/a><a href=\"https:\/\/schulsprengel-sterzing3.it\/grundschule-mittelschule\/wp-content\/uploads\/2023\/10\/67-Ermaechtigung-New-Colors-VM-GS-Wiesen-1.pdf\">67 Erm\u00e4chtigung <\/a>\u00a0<a href=\"https:\/\/schulsprengel-sterzing3.it\/grundschule-mittelschule\/wp-content\/uploads\/2023\/10\/68-Ermaechtigung-Busbestellung-Auto-Rainer-WF-Rodeln-Freienfeld-1.pdf\">68 Erm\u00e4chtigung <\/a>\u00a0<a href=\"https:\/\/schulsprengel-sterzing3.it\/grundschule-mittelschule\/wp-content\/uploads\/2023\/10\/69-ERmaechtiugng-Schwimmkurs-Kematen-Stilfes-Mauls-1.pdf\">69 Erm\u00e4chtigung <\/a>\u00a0<a href=\"https:\/\/schulsprengel-sterzing3.it\/grundschule-mittelschule\/wp-content\/uploads\/2023\/10\/70-Ermaechtigung-Eintritte-Schwimmbad-Kematen-Stilfes-Mauls-1.pdf\">70 Erm\u00e4chtigung <\/a><a href=\"https:\/\/schulsprengel-sterzing3.it\/grundschule-mittelschule\/wp-content\/uploads\/2023\/10\/71-Ermaechtigung-Amonn-Office-Reparatur-Kopiermaschine-GS-Mauls-1.pdf\">71 Erm\u00e4chtigung <\/a><a href=\"https:\/\/schulsprengel-sterzing3.it\/grundschule-mittelschule\/wp-content\/uploads\/2023\/10\/72-Ermaechtigung-IDM-Suedtirol-Alto-Adige-1.pdf\">72 Erm\u00e4chtigung<\/a><\/p>\n","protected":false},"excerpt":{"rendered":"<p>01 Erm\u00e4chtigung \u00a002 Erm\u00e4chtigung03 Erm\u00e4chtigung \u00a004 Erm\u00e4chtigung \u00a005 Erm\u00e4chtigung \u00a006 Erm\u00e4chtigung \u00a007 Erm\u00e4chtigung 08 Erm\u00e4chtigung \u00a009 Erm\u00e4chtigung 10 Erm\u00e4chtigung \u00a011 Erm\u00e4chtigung \u00a012 Erm\u00e4chtigung 13 Erm\u00e4chtigung 14 Erm\u00e4chtigung 15 Erm\u00e4chtigung \u00a016 Erm\u00e4chtigung \u00a017 Erm\u00e4chtigung \u00a018 Erm\u00e4chtigung \u00a019 Erm\u00e4chtigung 20 Erm\u00e4chtigung \u00a021 Erm\u00e4chtigung \u00a022 Erm\u00e4chtigung \u00a023 Erm\u00e4chtigung \u00a024 Erm\u00e4chtigung \u00a025 Erm\u00e4chtigung 26 Erm\u00e4chtigung \u00a027 Erm\u00e4chtigung \u00a028 Erm\u00e4chtigung [&hellip;]<\/p>\n","protected":false},"author":1,"featured_media":0,"parent":1514,"menu_order":0,"comment_status":"closed","ping_status":"closed","template":"","meta":{"footnotes":""},"class_list":["post-5830","page","type-page","status-publish","hentry"],"_links":{"self":[{"href":"https:\/\/schulsprengel-sterzing3.it\/grundschule-mittelschule\/wp-json\/wp\/v2\/pages\/5830","targetHints":{"allow":["GET"]}}],"collection":[{"href":"https:\/\/schulsprengel-sterzing3.it\/grundschule-mittelschule\/wp-json\/wp\/v2\/pages"}],"about":[{"href":"https:\/\/schulsprengel-sterzing3.it\/grundschule-mittelschule\/wp-json\/wp\/v2\/types\/page"}],"author":[{"embeddable":true,"href":"https:\/\/schulsprengel-sterzing3.it\/grundschule-mittelschule\/wp-json\/wp\/v2\/users\/1"}],"replies":[{"embeddable":true,"href":"https:\/\/schulsprengel-sterzing3.it\/grundschule-mittelschule\/wp-json\/wp\/v2\/comments?post=5830"}],"version-history":[{"count":3,"href":"https:\/\/schulsprengel-sterzing3.it\/grundschule-mittelschule\/wp-json\/wp\/v2\/pages\/5830\/revisions"}],"predecessor-version":[{"id":5928,"href":"https:\/\/schulsprengel-sterzing3.it\/grundschule-mittelschule\/wp-json\/wp\/v2\/pages\/5830\/revisions\/5928"}],"up":[{"embeddable":true,"href":"https:\/\/schulsprengel-sterzing3.it\/grundschule-mittelschule\/wp-json\/wp\/v2\/pages\/1514"}],"wp:attachment":[{"href":"https:\/\/schulsprengel-sterzing3.it\/grundschule-mittelschule\/wp-json\/wp\/v2\/media?parent=5830"}],"curies":[{"name":"wp","href":"https:\/\/api.w.org\/{rel}","templated":true}]}}