{"id":860,"date":"2014-03-03T18:51:26","date_gmt":"2014-03-03T16:51:26","guid":{"rendered":"http:\/\/schulsprengel-sterzing3.it\/grundschule-mittelschule\/?page_id=860"},"modified":"2024-06-11T14:38:29","modified_gmt":"2024-06-11T12:38:29","slug":"transparente-verwaltung","status":"publish","type":"page","link":"https:\/\/schulsprengel-sterzing3.it\/grundschule-mittelschule\/","title":{"rendered":"Transparente Verwaltung"},"content":{"rendered":"<ol>\n<li><a title=\"Allgemeine Bestimmungen\" href=\"https:\/\/schulsprengel-sterzing3.it\/grundschule-mittelschule\/transparente-verwaltung\/allgemeine-bestimmungen\/\">Allgemeine Bestimmungen<\/a><\/li>\n<li><a title=\"Organisation\" href=\"https:\/\/schulsprengel-sterzing3.it\/grundschule-mittelschule\/transparente-verwaltung\/organisation\/\">Organisation<\/a><\/li>\n<li><a href=\"https:\/\/schulsprengel-sterzing3.it\/grundschule-mittelschule\/transparente-verwaltung\/auftraege-fuer-beratung-und-mitarbeit\/\">Berater*innen und Mitarbeiter*innen<\/a><\/li>\n<li><a href=\"https:\/\/schulsprengel-sterzing3.it\/grundschule-mittelschule\/transparente-verwaltung\/personal\/\">Personal<\/a><\/li>\n<li><a href=\"https:\/\/schulsprengel-sterzing3.it\/grundschule-mittelschule\/transparente-verwaltung\/wettbewerbe\/\">Wettbewerbe<\/a><\/li>\n<li><a href=\"https:\/\/schulsprengel-sterzing3.it\/grundschule-mittelschule\/transparente-verwaltung\/performance\/\">Performance<\/a><\/li>\n<li>Kontrollierte K\u00f6rperschaften f\u00fcr die Schule<\/li>\n<li>T\u00e4tigkeiten und Verfahren<\/li>\n<li><a href=\"https:\/\/schulsprengel-sterzing3.it\/grundschule-mittelschule\/transparente-verwaltung\/massnahmen\/\">Ma\u00dfnahmen<\/a><\/li>\n<li>Kontrollen in Unternehmen<\/li>\n<li><a title=\"Ausschreibungen und Vertr\u00e4ge\" href=\"https:\/\/schulsprengel-sterzing3.it\/grundschule-mittelschule\/transparente-verwaltung\/ausschreibungen-und-vertraege\/\">Ausschreibungen und Vertr\u00e4ge<\/a><\/li>\n<li><a href=\"https:\/\/schulsprengel-sterzing3.it\/grundschule-mittelschule\/transparente-verwaltung\/zuschuesse-beitraege-beihilfen-wirtschaftliche-verguenstigungen\/\">Subventionen, Zusch\u00fcsse, Beitr\u00e4ge, Beihilfen, wirtschaftliche Verg\u00fcnstigungen<\/a><\/li>\n<li><a href=\"https:\/\/schulsprengel-sterzing3.it\/grundschule-mittelschule\/transparente-verwaltung\/bilanzen\/\">Bilanzen<\/a><\/li>\n<li><a href=\"https:\/\/schulsprengel-sterzing3.it\/grundschule-mittelschule\/transparente-verwaltung\/immobilien-und-vermoegensverwaltung\/\">Liegenschaften und Verm\u00f6gensverwaltung<\/a><\/li>\n<li><a href=\"https:\/\/schulsprengel-sterzing3.it\/grundschule-mittelschule\/transparente-verwaltung\/kontrollen-und-erhebungen-zur-verwaltung\/\">Kontrollen \u00fcber die Verwaltung und Beanstandungen<\/a><\/li>\n<li><a href=\"https:\/\/schulsprengel-sterzing3.it\/grundschule-mittelschule\/transparente-verwaltung\/dienste-und-leistungen-der-verwaltung\/\">Erbrachte Dienstleistungen<\/a><\/li>\n<li><a href=\"https:\/\/schulsprengel-sterzing3.it\/grundschule-mittelschule\/transparente-verwaltung\/zahlungen-der-verwaltung\/\">Zahlungen der Verwaltung<\/a><\/li>\n<li>\u00d6ffentliche Bauten<\/li>\n<li>Raumplanung und Raumordnung<\/li>\n<li>Umweltinformationen<\/li>\n<li>Private, akkreditierte Gesundheitseinrichtungen<\/li>\n<li>Au\u00dferordentliche Ma\u00dfnahmen und Notf\u00e4lle<\/li>\n<li><a title=\"Weitere Inhalte\" href=\"https:\/\/schulsprengel-sterzing3.it\/grundschule-mittelschule\/transparente-verwaltung\/weitere-inhalte\/\">Weitere Inhalte<\/a><\/li>\n<\/ol>\n<p>&nbsp;<\/p>\n","protected":false},"excerpt":{"rendered":"<p>Allgemeine Bestimmungen Organisation Berater*innen und Mitarbeiter*innen Personal Wettbewerbe Performance Kontrollierte K\u00f6rperschaften f\u00fcr die Schule T\u00e4tigkeiten und Verfahren Ma\u00dfnahmen Kontrollen in Unternehmen Ausschreibungen und Vertr\u00e4ge Subventionen, Zusch\u00fcsse, Beitr\u00e4ge, Beihilfen, wirtschaftliche Verg\u00fcnstigungen Bilanzen Liegenschaften und Verm\u00f6gensverwaltung Kontrollen \u00fcber die Verwaltung und Beanstandungen Erbrachte Dienstleistungen Zahlungen der Verwaltung \u00d6ffentliche Bauten Raumplanung und Raumordnung Umweltinformationen Private, akkreditierte Gesundheitseinrichtungen Au\u00dferordentliche [&hellip;]<\/p>\n","protected":false},"author":1,"featured_media":1070,"parent":0,"menu_order":0,"comment_status":"closed","ping_status":"closed","template":"template-fullwidth.php","meta":{"footnotes":""},"class_list":["post-860","page","type-page","status-publish","has-post-thumbnail","hentry"],"_links":{"self":[{"href":"https:\/\/schulsprengel-sterzing3.it\/grundschule-mittelschule\/wp-json\/wp\/v2\/pages\/860","targetHints":{"allow":["GET"]}}],"collection":[{"href":"https:\/\/schulsprengel-sterzing3.it\/grundschule-mittelschule\/wp-json\/wp\/v2\/pages"}],"about":[{"href":"https:\/\/schulsprengel-sterzing3.it\/grundschule-mittelschule\/wp-json\/wp\/v2\/types\/page"}],"author":[{"embeddable":true,"href":"https:\/\/schulsprengel-sterzing3.it\/grundschule-mittelschule\/wp-json\/wp\/v2\/users\/1"}],"replies":[{"embeddable":true,"href":"https:\/\/schulsprengel-sterzing3.it\/grundschule-mittelschule\/wp-json\/wp\/v2\/comments?post=860"}],"version-history":[{"count":34,"href":"https:\/\/schulsprengel-sterzing3.it\/grundschule-mittelschule\/wp-json\/wp\/v2\/pages\/860\/revisions"}],"predecessor-version":[{"id":6364,"href":"https:\/\/schulsprengel-sterzing3.it\/grundschule-mittelschule\/wp-json\/wp\/v2\/pages\/860\/revisions\/6364"}],"wp:featuredmedia":[{"embeddable":true,"href":"https:\/\/schulsprengel-sterzing3.it\/grundschule-mittelschule\/wp-json\/wp\/v2\/media\/1070"}],"wp:attachment":[{"href":"https:\/\/schulsprengel-sterzing3.it\/grundschule-mittelschule\/wp-json\/wp\/v2\/media?parent=860"}],"curies":[{"name":"wp","href":"https:\/\/api.w.org\/{rel}","templated":true}]}}