{"id":864,"date":"2014-03-03T19:02:02","date_gmt":"2014-03-03T17:02:02","guid":{"rendered":"http:\/\/schulsprengel-sterzing3.it\/grundschule-mittelschule\/?page_id=864"},"modified":"2025-02-04T18:34:26","modified_gmt":"2025-02-04T16:34:26","slug":"allgemeine-bestimmungen","status":"publish","type":"page","link":"https:\/\/schulsprengel-sterzing3.it\/grundschule-mittelschule\/transparente-verwaltung\/allgemeine-bestimmungen\/","title":{"rendered":"Allgemeine Bestimmungen"},"content":{"rendered":"<p><strong>Programm f\u00fcr Transparenz\/Allgemeine Akten\/Korruptionsvorbeugung<\/strong><br \/>\n(Art. 10 Abs. 8, Buchst. a), GvD Nr. 33\/2013)_Aktualiesierung: j\u00e4hrlich<\/p>\n<p>Mit Beschluss vom 13. April 2016, Nr. 430 hat die ANAC Leitlinien f\u00fcr die Umsetzung der Antikorruptions- und Transparenzbestimmungen an den Schulen erlassen. Diese sehen vor, dass die regionalen Schulamtsleiter die Funktion der Verantwortlichen f\u00fcr die Korruptionsvorbeugung f\u00fcr die autonomen Schulen \u00fcbernehmen. Mit Gv.D. Nr. 97\/2016 und mit Beschluss der ANAC Nr. 831\/2016 wurde die Verpflichtung an die Bildungsdirektion \u00fcbertragen.<\/p>\n<ul>\n<li><a href=\"https:\/\/www.provinz.bz.it\/bildung-sprache\/deutschsprachige-schule\/downloads\/Dreijahresplan_der_Schulen_zur_Vorbeugung_der_Korruption_und_Transparenz__Zeitraum_2023_2025.PDF\">Dreij\u00e4hriges Transparenzprogramm 2023-2025<\/a><\/li>\n<li><a href=\"https:\/\/schulsprengel-sterzing3.it\/grundschule-mittelschule\/wp-content\/uploads\/2022\/10\/All-1.1.-Documento-di-attestazione-per-le-amministrazioni-par.-1.1_BZ.pdf\">All 1.1. Documento di attestazione per le amministrazioni &#8211; par. 1.1_BZ<\/a><\/li>\n<li><a href=\"https:\/\/schulsprengel-sterzing3.it\/grundschule-mittelschule\/wp-content\/uploads\/2022\/10\/All-2.1.-A-Griglia-rilevazione-al-12.10.2022-per-amministrazioni-par.-1.1-rev.20.06.22-2-SSP-Sterzing-III.xlsx\">All-2.1.-A-Griglia-rilevazione-al-12.10.2022-per-amministrazioni-par.-1.1-rev.20.06.22-2 SSP Sterzing III<\/a><\/li>\n<li><a href=\"https:\/\/schulsprengel-sterzing3.it\/grundschule-mittelschule\/wp-content\/uploads\/2022\/10\/All-3.-Scheda-di-sintesi-sulla-rilevazione-degli-OIV-o-degli-organismi-con-funzioni-analoghe-1.pdf\">All 3. Scheda di sintesi sulla rilevazione degli OIV o degli organismi con funzioni analoghe (1)<\/a><\/li>\n<\/ul>\n<p>&nbsp;<\/p>\n<p><strong>Allgemeine Akten<\/strong><\/p>\n<p>(Art. 12 Abs. 1 GvD Nr. 33\/2013)_Aktualisierung: unmittelbar<\/p>\n<p>Bestimmungen zur Organisation und T\u00e4tigkeit: <a href=\"http:\/\/www.provinz.bz.it\/schulamt\/schulrecht\/rechtsbestimmungen.asp\" target=\"_blank\" rel=\"noopener\">Allgemeinen Rechtsbestimmungen, die auf Landesebene den Schulbereich regeln<\/a><br \/>\nallgemeine Verwaltungsakte: <a href=\"http:\/\/www.provinz.bz.it\/schulamt\/service\/rundschreiben.asp\" target=\"_blank\" rel=\"noopener\">Rundschreiben und Mitteilungen<\/a><br \/>\nDokumente der strategischen Planung und Verwaltungssteuerung: <a tabindex=\"-1\" href=\"https:\/\/schulsprengel-sterzing3.it\/grundschule-mittelschule\/wp-content\/uploads\/2023\/07\/Dreijahresplan-aktualisiert-2022-2023.pdf\" target=\"_blank\" rel=\"noopener\">Dreijahresplan des Bildungsangebotes<\/a><br \/>\nStatuten und regionale Gesetze: <a href=\"http:\/\/www.provinz.bz.it\/schulamt\/schulrecht\/rechtsbestimmungen.asp\" target=\"_blank\" rel=\"noopener\">Allgemeinen Rechtsbestimmungen, die auf Landesebene den Schulbereich regeln<\/a><\/p>\n<p><strong>Verhaltenskodizes<br \/>\n<\/strong>(Art. 12, c. 1,\u00a0 d.lgs. n. 33\/2013\/Art. 55, c.2, d.lgs. n 165\/2001)_Aktualisierung: unmittelbar<\/p>\n<ul>\n<li><a href=\"https:\/\/www.provinz.bz.it\/bildung-sprache\/deutschsprachige-schule\/bildungsverwaltung\/799.asp\">Verhaltenskodex der \u00f6ffentlich Bediensteten | Deutschsprachige Schule | Autonome Provinz Bozen &#8211; S\u00fcdtirol<\/a><\/li>\n<li><a href=\"https:\/\/www.provinz.bz.it\/verwaltung\/personal\/personal-landesdienst\/gesetze-bestimmungen\/verhaltenskodex.asp\">Verhaltenskodex | Personal | Autonome Provinz Bozen &#8211; S\u00fcdtirol<\/a><\/li>\n<\/ul>\n<p><strong><a href=\"https:\/\/schulsprengel-sterzing3.it\/grundschule-mittelschule\/schulprogramm\/leitbild\/\">Leitbild<\/a> und <a href=\"https:\/\/schulsprengel-sterzing3.it\/grundschule-mittelschule\/wp-content\/uploads\/2021\/12\/Dreijahresplan-2020-2023.pdf\">Drei-Jahres-Plan<\/a><\/strong><\/p>\n<p><strong>Informationspflichten f\u00fcr B\u00fcrgerinnen und B\u00fcrger und Unternehmen<\/strong><br \/>\n(Art. 34, Abs. 1, 2)<\/p>\n<ul>\n<li><strong>Schuleinschreibung<\/strong><br \/>\nF\u00fcr alle Informationen zur Schulpflicht und zur Schuleinschreibung steht das Sekretariat der Direktion jederzeit zur Verf\u00fcgung. Die Einschreibung erfolgt online.<\/li>\n<li><strong>S\u00fcdtirol Pass ABO+<\/strong><br \/>\nF\u00fcr das ABO+ wird ein Beitrag von 20,00 Euro eingehoben. Es wird online \u00fcber die Internetseite www.suedtirolmobil.info beantragt werden.<br \/>\nZahlungsmodalit\u00e4ten und weitere Details werden von der Abteilung Mobilit\u00e4t mitgeteilt. Es wird online beantragt:\u00a0<a title=\"http:\/\/www.suedtirolmobil.info\" href=\"http:\/\/www.suedtirolmobil.info\/\" target=\"_blank\" rel=\"noopener\">http:\/\/www.suedtirolmobil.info<\/a><br \/>\n<strong>Benutzung von schulischen R\u00e4umlichkeiten<\/strong><br \/>\nAnsuchen k\u00f6nnen an das Sekretariat des SSP Sterzing III gerichtet werden.<br \/>\nAnsuchen um Benutzung der Schulr\u00e4ume der Schulen der Gemeinden Pfitsch und Freienfeld<br \/>\n<a href=\"https:\/\/schulsprengel-sterzing3.it\/grundschule-mittelschule\/wp-content\/uploads\/2015\/11\/Antrag-Sportanlagen.pdf\">Ansuchen um au\u00dferschulische Benutzung der Sportanlagen<\/a><br \/>\n<a href=\"https:\/\/schulsprengel-sterzing3.it\/grundschule-mittelschule\/wp-content\/uploads\/2015\/11\/Benutzerordnung-Sportanlagen.pdf\">Benutzerordnung Sportanlagen<\/a><br \/>\n<a href=\"https:\/\/schulsprengel-sterzing3.it\/grundschule-mittelschule\/wp-content\/uploads\/2015\/11\/Antrag-Schulr\u00e4ume.pdf\">Ansuchen um au\u00dferschulische Benutzung von Schulr\u00e4umen<\/a><br \/>\n<a href=\"https:\/\/schulsprengel-sterzing3.it\/grundschule-mittelschule\/wp-content\/uploads\/2015\/11\/Benutzerordnung-Schulr\u00e4ume.pdf\">Benutzerordnung Schulr\u00e4ume<\/a><\/li>\n<li><strong>Obergrenze Sch\u00fclerbeitr\u00e4ge<\/strong><br \/>\nMit <a href=\"https:\/\/schulsprengel-sterzing3.it\/grundschule-mittelschule\/wp-content\/uploads\/2015\/11\/BE-SR-03-12.03.2007.pdf\">Beschluss Nr. 03\/2007 vom 12.03.2007<\/a> und mit <a href=\"https:\/\/schulsprengel-sterzing3.it\/grundschule-mittelschule\/wp-content\/uploads\/2015\/11\/BE-SR-06-05.11.2013.pdf\">Beschluss Nr. 06\/2013 vom 05.11.2013<\/a> wurde die Sch\u00fclerbeitr\u00e4ge f\u00fcr unterrichtsbegleitende Veranstaltungen und mehrt\u00e4gigen Ausfl\u00fcgen, die ordentlichen Unkostenbeitr\u00e4ge sowie die Kriterien f\u00fcr die Befreiung von Sch\u00fclern aufgrund der finanziellen Situation der Familie beschlossen.<\/li>\n<\/ul>\n","protected":false},"excerpt":{"rendered":"<p>Programm f\u00fcr Transparenz\/Allgemeine Akten\/Korruptionsvorbeugung (Art. 10 Abs. 8, Buchst. a), GvD Nr. 33\/2013)_Aktualiesierung: j\u00e4hrlich Mit Beschluss vom 13. April 2016, Nr. 430 hat die ANAC Leitlinien f\u00fcr die Umsetzung der Antikorruptions- und Transparenzbestimmungen an den Schulen erlassen. Diese sehen vor, dass die regionalen Schulamtsleiter die Funktion der Verantwortlichen f\u00fcr die Korruptionsvorbeugung f\u00fcr die autonomen Schulen [&hellip;]<\/p>\n","protected":false},"author":1,"featured_media":0,"parent":860,"menu_order":0,"comment_status":"closed","ping_status":"open","template":"","meta":{"footnotes":""},"class_list":["post-864","page","type-page","status-publish","hentry"],"_links":{"self":[{"href":"https:\/\/schulsprengel-sterzing3.it\/grundschule-mittelschule\/wp-json\/wp\/v2\/pages\/864","targetHints":{"allow":["GET"]}}],"collection":[{"href":"https:\/\/schulsprengel-sterzing3.it\/grundschule-mittelschule\/wp-json\/wp\/v2\/pages"}],"about":[{"href":"https:\/\/schulsprengel-sterzing3.it\/grundschule-mittelschule\/wp-json\/wp\/v2\/types\/page"}],"author":[{"embeddable":true,"href":"https:\/\/schulsprengel-sterzing3.it\/grundschule-mittelschule\/wp-json\/wp\/v2\/users\/1"}],"replies":[{"embeddable":true,"href":"https:\/\/schulsprengel-sterzing3.it\/grundschule-mittelschule\/wp-json\/wp\/v2\/comments?post=864"}],"version-history":[{"count":33,"href":"https:\/\/schulsprengel-sterzing3.it\/grundschule-mittelschule\/wp-json\/wp\/v2\/pages\/864\/revisions"}],"predecessor-version":[{"id":5726,"href":"https:\/\/schulsprengel-sterzing3.it\/grundschule-mittelschule\/wp-json\/wp\/v2\/pages\/864\/revisions\/5726"}],"up":[{"embeddable":true,"href":"https:\/\/schulsprengel-sterzing3.it\/grundschule-mittelschule\/wp-json\/wp\/v2\/pages\/860"}],"wp:attachment":[{"href":"https:\/\/schulsprengel-sterzing3.it\/grundschule-mittelschule\/wp-json\/wp\/v2\/media?parent=864"}],"curies":[{"name":"wp","href":"https:\/\/api.w.org\/{rel}","templated":true}]}}